{"id":1046,"date":"2023-10-30T12:39:13","date_gmt":"2023-10-30T12:39:13","guid":{"rendered":"https:\/\/vihertaimisto.fi\/?page_id=1046"},"modified":"2024-09-24T18:33:39","modified_gmt":"2024-09-24T18:33:39","slug":"pihasuunnittelu","status":"publish","type":"page","link":"https:\/\/vihertaimisto.fi\/index.php\/pihasuunnittelu\/","title":{"rendered":"Pihasuunnittelu"},"content":{"rendered":"<p>[et_pb_section fb_built=&#8221;1&#8243; _builder_version=&#8221;4.11.2&#8243; _module_preset=&#8221;default&#8221; background_color=&#8221;#F3F2F5&#8243; custom_padding=&#8221;3vw||3vw||false|false&#8221; global_colors_info=&#8221;{}&#8221;][et_pb_row column_structure=&#8221;3_5,2_5&#8243; _builder_version=&#8221;4.14.7&#8243; _module_preset=&#8221;default&#8221; custom_margin=&#8221;||7px||false|false&#8221; custom_padding=&#8221;0px||0vw||false|false&#8221; global_colors_info=&#8221;{}&#8221;][et_pb_column type=&#8221;3_5&#8243; _builder_version=&#8221;4.11.2&#8243; _module_preset=&#8221;default&#8221; global_colors_info=&#8221;{}&#8221;][et_pb_text _builder_version=&#8221;4.14.7&#8243; _module_preset=&#8221;default&#8221; text_font=&#8221;Poppins||||||||&#8221; text_letter_spacing=&#8221;1px&#8221; text_line_height=&#8221;1.5em&#8221; header_font=&#8221;Poppins|||on|||||&#8221; header_text_color=&#8221;#868751&#8243; header_font_size=&#8221;24px&#8221; header_letter_spacing=&#8221;3px&#8221; header_2_font=&#8221;Poppins|||on|||||&#8221; header_2_text_color=&#8221;#868751&#8243; header_2_font_size=&#8221;20px&#8221; header_2_letter_spacing=&#8221;3px&#8221; header_3_font=&#8221;Poppins||||||||&#8221; header_3_text_color=&#8221;#868751&#8243; header_3_letter_spacing=&#8221;3px&#8221; custom_margin=&#8221;||0px||false|false&#8221; hover_enabled=&#8221;0&#8243; global_colors_info=&#8221;{}&#8221; sticky_enabled=&#8221;0&#8243;]<\/p>\n<h1>Pihasuunnittelu<\/h1>\n<p>&nbsp;<\/p>\n<p>Saamme paljon kyselyit\u00e4 ja toiveita pihasuunnitelmista. Otamme vastaan suunnitteluvarauksia talvelle 2025-2026 kes\u00e4n 2026 pihantekoa ajatellen. Lis\u00e4ksi alta l\u00f6yd\u00e4t yhteisty\u00f6kumppaneitamme, joilla saattaa viel\u00e4 olla vapaata pihasuunnitelman tekoon talvella 2024-2025. Vuodenkierto menee yleens\u00e4 siten, ett\u00e4 kes\u00e4ll\u00e4 varataan tulevalle vuodelle suunnitelma-ajat, talvella tehd\u00e4\u00e4n suunnitelmat ja kes\u00e4ll\u00e4 yritykset toteuttavat ne (mik\u00e4li on kyseess\u00e4 yritys, joka tarjoaa my\u00f6s piharakennusta).<\/p>\n<p><a href=\"https:\/\/rovesdesign.fi\/\" target=\"_blank\" rel=\"noopener\">ROVES-DESIGN<\/a><\/p>\n<p><a href=\"http:\/\/www.erikoistyo.fi\/puutarharak_etusivu.html\" target=\"_blank\" rel=\"noopener\">ERIKOISTY\u00d6 M\u00c4KI<\/a><\/p>\n<p><a href=\"https:\/\/www.sasira.fi\/\" target=\"_blank\" rel=\"noopener\">SASIRA<\/a><\/p>\n<p><a href=\"https:\/\/ellenin.fi\/\" target=\"_blank\" rel=\"noopener\">ELLENIN PIHAT JA PUUTARHAT<\/a><\/p>\n<p>&nbsp;<\/p>\n<p>Oletko Sein\u00e4joella tai l\u00e4hialueella toimiva pihasuunnittelua tarjoava yritys? Laita meille viesti\u00e4, niin lis\u00e4\u00e4mme nettisivusi listalle.<\/p>\n<p>[\/et_pb_text][\/et_pb_column][et_pb_column type=&#8221;2_5&#8243; _builder_version=&#8221;4.11.2&#8243; _module_preset=&#8221;default&#8221; global_colors_info=&#8221;{}&#8221;][et_pb_image src=&#8221;https:\/\/vihertaimisto.fi\/wp-content\/uploads\/2023\/11\/pihasuunnittelu_seinajoki.jpg&#8221; alt=&#8221;Kasvuunl\u00e4ht\u00f6takuu&#8221; title_text=&#8221;pihasuunnittelu_sein\u00e4joki&#8221; _builder_version=&#8221;4.14.7&#8243; _module_preset=&#8221;default&#8221; width=&#8221;100%&#8221; custom_margin=&#8221;||0px||false|false&#8221; custom_padding=&#8221;0px|0px|0px|0px|true|true&#8221; global_colors_info=&#8221;{}&#8221;][\/et_pb_image][\/et_pb_column][\/et_pb_row][et_pb_row _builder_version=&#8221;4.14.7&#8243; _module_preset=&#8221;default&#8221; global_colors_info=&#8221;{}&#8221;][et_pb_column type=&#8221;4_4&#8243; _builder_version=&#8221;4.14.7&#8243; _module_preset=&#8221;default&#8221; global_colors_info=&#8221;{}&#8221;][et_pb_text _builder_version=&#8221;4.14.7&#8243; _module_preset=&#8221;default&#8221; text_font=&#8221;Poppins||||||||&#8221; text_text_color=&#8221;#737167&#8243; text_letter_spacing=&#8221;1px&#8221; text_line_height=&#8221;1.5em&#8221; header_font=&#8221;Poppins|||on|||||&#8221; header_text_color=&#8221;#868751&#8243; header_font_size=&#8221;23px&#8221; header_letter_spacing=&#8221;3px&#8221; header_3_font=&#8221;Poppins|||on|||||&#8221; header_3_text_color=&#8221;#868751&#8243; header_3_letter_spacing=&#8221;2px&#8221; custom_margin=&#8221;-25px||||false|false&#8221; global_colors_info=&#8221;{}&#8221;]<\/p>\n<h1><\/h1>\n<h1><\/h1>\n<h1><\/h1>\n<h1>Pihasuunnitelman teko itse<\/h1>\n<p>&nbsp;<\/p>\n<p>Jos haluat suunnitella unelmiesi puutarhan itse, olemme tehneet sit\u00e4 ajatellen verkkokurssin, joka on ostettavissa verkkokaupastamme. Kurssi on eritt\u00e4in laaja ja auttaa valitsemaan oikeat materiaalit ja kasvit oikeisiin paikkoihin, jotta sinulla olisi enemm\u00e4n aikaa perheellesi ja harrastuksillesi. Toki puutarhan laitto voi my\u00f6s olla harrastus, mutta eik\u00f6 totta, ett\u00e4 siell\u00e4 on mielekk\u00e4\u00e4mp\u00e4\u00e4 tehd\u00e4 kivoja asioita kuin korjata huonoja valintoja.<\/p>\n<p>Verkkokaupasta l\u00f6yd\u00e4t my\u00f6s ilmaisen maistiaisen suunnittelun aloittamiseen. <a href=\"https:\/\/vihertaimisto.fi\/index.php\/pihasuunnittelukurssi\/\">Klikkaa t\u00e4st\u00e4 ja lue lis\u00e4\u00e4!<\/a><\/p>\n<ul><\/ul>\n<p>&nbsp;<\/p>\n<p>[\/et_pb_text][\/et_pb_column][\/et_pb_row][\/et_pb_section]<\/p>\n","protected":false},"excerpt":{"rendered":"<p>Pihasuunnittelu &nbsp; Saamme paljon kyselyit\u00e4 ja toiveita pihasuunnitelmista. Otamme vastaan suunnitteluvarauksia talvelle 2025-2026 kes\u00e4n 2026 pihantekoa ajatellen. Lis\u00e4ksi alta l\u00f6yd\u00e4t yhteisty\u00f6kumppaneitamme, joilla saattaa viel\u00e4 olla vapaata pihasuunnitelman tekoon talvella 2024-2025. Vuodenkierto menee yleens\u00e4 siten, ett\u00e4 kes\u00e4ll\u00e4 varataan tulevalle vuodelle suunnitelma-ajat, talvella tehd\u00e4\u00e4n suunnitelmat ja kes\u00e4ll\u00e4 yritykset toteuttavat ne (mik\u00e4li on kyseess\u00e4 yritys, joka tarjoaa my\u00f6s [&hellip;]<\/p>\n","protected":false},"author":1,"featured_media":0,"parent":0,"menu_order":0,"comment_status":"open","ping_status":"closed","template":"","meta":{"_et_pb_use_builder":"on","_et_pb_old_content":"","_et_gb_content_width":"","footnotes":""},"class_list":["post-1046","page","type-page","status-publish","hentry"],"_links":{"self":[{"href":"https:\/\/vihertaimisto.fi\/index.php\/wp-json\/wp\/v2\/pages\/1046","targetHints":{"allow":["GET"]}}],"collection":[{"href":"https:\/\/vihertaimisto.fi\/index.php\/wp-json\/wp\/v2\/pages"}],"about":[{"href":"https:\/\/vihertaimisto.fi\/index.php\/wp-json\/wp\/v2\/types\/page"}],"author":[{"embeddable":true,"href":"https:\/\/vihertaimisto.fi\/index.php\/wp-json\/wp\/v2\/users\/1"}],"replies":[{"embeddable":true,"href":"https:\/\/vihertaimisto.fi\/index.php\/wp-json\/wp\/v2\/comments?post=1046"}],"version-history":[{"count":19,"href":"https:\/\/vihertaimisto.fi\/index.php\/wp-json\/wp\/v2\/pages\/1046\/revisions"}],"predecessor-version":[{"id":1240,"href":"https:\/\/vihertaimisto.fi\/index.php\/wp-json\/wp\/v2\/pages\/1046\/revisions\/1240"}],"wp:attachment":[{"href":"https:\/\/vihertaimisto.fi\/index.php\/wp-json\/wp\/v2\/media?parent=1046"}],"curies":[{"name":"wp","href":"https:\/\/api.w.org\/{rel}","templated":true}]}}