{"id":1131,"date":"2024-02-15T14:34:19","date_gmt":"2024-02-15T14:34:19","guid":{"rendered":"https:\/\/vihertaimisto.fi\/?page_id=1131"},"modified":"2024-04-07T16:31:34","modified_gmt":"2024-04-07T16:31:34","slug":"pihasuunnittelukurssi","status":"publish","type":"page","link":"https:\/\/vihertaimisto.fi\/index.php\/pihasuunnittelukurssi\/","title":{"rendered":"Vihervoimistelijan verkkokurssi"},"content":{"rendered":"<p>[et_pb_section fb_built=&#8221;1&#8243; _builder_version=&#8221;4.11.2&#8243; _module_preset=&#8221;default&#8221; background_color=&#8221;#F3F2F5&#8243; custom_padding=&#8221;3vw||3vw||false|false&#8221; global_colors_info=&#8221;{}&#8221;][et_pb_row _builder_version=&#8221;4.14.7&#8243; _module_preset=&#8221;default&#8221; custom_margin=&#8221;||7px||false|false&#8221; custom_padding=&#8221;0px||0vw||false|false&#8221; global_colors_info=&#8221;{}&#8221;][et_pb_column type=&#8221;4_4&#8243; _builder_version=&#8221;4.11.2&#8243; _module_preset=&#8221;default&#8221; global_colors_info=&#8221;{}&#8221;][et_pb_text _builder_version=&#8221;4.14.7&#8243; _module_preset=&#8221;default&#8221; text_font=&#8221;Poppins||||||||&#8221; text_letter_spacing=&#8221;1px&#8221; text_line_height=&#8221;1.5em&#8221; header_font=&#8221;Poppins|||on|||||&#8221; header_text_color=&#8221;#868751&#8243; header_font_size=&#8221;24px&#8221; header_letter_spacing=&#8221;3px&#8221; header_2_font=&#8221;Poppins|||on|||||&#8221; header_2_text_color=&#8221;#868751&#8243; header_2_font_size=&#8221;20px&#8221; header_2_letter_spacing=&#8221;3px&#8221; header_3_font=&#8221;Poppins||||||||&#8221; header_3_text_color=&#8221;#868751&#8243; header_3_letter_spacing=&#8221;3px&#8221; custom_margin=&#8221;||0px||false|false&#8221; global_colors_info=&#8221;{}&#8221;]<\/p>\n<h1>Vihervoimistelijan verkkokurssi pihasuunnittelun maailmaan<\/h1>\n<p>&nbsp;<\/p>\n<p>[\/et_pb_text][et_pb_image src=&#8221;https:\/\/vihertaimisto.fi\/wp-content\/uploads\/2024\/02\/pihasuunnitelukurssi.jpg&#8221; title_text=&#8221;pihasuunnitelukurssi&#8221; _builder_version=&#8221;4.14.7&#8243; _module_preset=&#8221;default&#8221; global_colors_info=&#8221;{}&#8221;][\/et_pb_image][\/et_pb_column][\/et_pb_row][et_pb_row _builder_version=&#8221;4.14.7&#8243; _module_preset=&#8221;default&#8221; custom_margin=&#8221;||7px||false|false&#8221; custom_padding=&#8221;0px||0vw||false|false&#8221; global_colors_info=&#8221;{}&#8221;][et_pb_column type=&#8221;4_4&#8243; _builder_version=&#8221;4.11.2&#8243; _module_preset=&#8221;default&#8221; global_colors_info=&#8221;{}&#8221;][et_pb_text _builder_version=&#8221;4.14.7&#8243; _module_preset=&#8221;default&#8221; text_font=&#8221;Poppins||||||||&#8221; text_letter_spacing=&#8221;1px&#8221; text_line_height=&#8221;1.5em&#8221; header_font=&#8221;Poppins|||on|||||&#8221; header_text_color=&#8221;#868751&#8243; header_font_size=&#8221;24px&#8221; header_letter_spacing=&#8221;3px&#8221; header_2_font=&#8221;Poppins|||on|||||&#8221; header_2_text_color=&#8221;#868751&#8243; header_2_font_size=&#8221;20px&#8221; header_2_letter_spacing=&#8221;3px&#8221; header_3_font=&#8221;Poppins||||||||&#8221; header_3_text_color=&#8221;#868751&#8243; header_3_letter_spacing=&#8221;3px&#8221; custom_margin=&#8221;||0px||false|false&#8221; global_colors_info=&#8221;{}&#8221;]<\/p>\n<h1><\/h1>\n<p>&nbsp;<\/p>\n<p>Oletko\u00a0 joskus ostanut kasveja pihaasi ja ne vaan eiv\u00e4t kasva? Vai heititk\u00f6 rahasi hukkaan kasveihin, jotka kuolivat ja nyt joudut katselemaan r\u00e4hj\u00e4ist\u00e4 risua puutarhasi kauneimmassa kohdassa? Huoli pois, et ole ainoa, jolle n\u00e4in on k\u00e4ynyt.<\/p>\n<p><em>Vihervoimistelijan verkkokurssi pihasuunnittelun maailmaan<\/em> auttaa sinua s\u00e4\u00e4st\u00e4m\u00e4\u00e4n selv\u00e4\u00e4 rahaa, jonka voit k\u00e4ytt\u00e4\u00e4 vaikkapa matkusteluun perheesi kanssa. Lis\u00e4ksi sen avulla sinulla on enemm\u00e4n aikaa lukea kirjaa tai maalata tauluja, kun puutarhan kasveja ei tarvitse jatkuvasti olla istuttamassa uusiksi. Miten t\u00e4m\u00e4 on mahdollista?<\/p>\n<p>Meille puutarhamyym\u00e4l\u00e4ss\u00e4 aiheuttaa harmitusta se, kun asiakas tulee kysym\u00e4\u00e4n, miksi joku puu on kuollut, miksi tuija-aita ruskettuu tai miksi nurmikko ei kasva. Ja n\u00e4in tapahtuu useita kertoja viikossa! Yleens\u00e4 syy l\u00f6ytyy siit\u00e4, ett\u00e4 on valittu v\u00e4\u00e4r\u00e4 kasvi v\u00e4\u00e4r\u00e4\u00e4n paikkaan tai ennen kasvin istuttamista on j\u00e4tetty tekem\u00e4tt\u00e4 joku olennainen ty\u00f6vaihe. Koska meit\u00e4 harmittaa asiakkaidemme puolesta niin paljon, p\u00e4\u00e4timme tehd\u00e4 kattavan pihasuunnittelukurssin, jonka voit opiskella l\u00e4pi omaan tahtiisi. N\u00e4in et en\u00e4\u00e4 tuhlaa rahojasi kasveihin, joilla ei ole edellytyksi\u00e4 haluamassasi paikassa p\u00e4rj\u00e4t\u00e4.<\/p>\n<p>[\/et_pb_text][\/et_pb_column][\/et_pb_row][et_pb_row column_structure=&#8221;1_3,2_3&#8243; _builder_version=&#8221;4.14.7&#8243; _module_preset=&#8221;default&#8221; custom_margin=&#8221;28px||6px||false|false&#8221; custom_padding=&#8221;0px||0vw||false|false&#8221; global_colors_info=&#8221;{}&#8221;][et_pb_column type=&#8221;1_3&#8243; _builder_version=&#8221;4.11.2&#8243; _module_preset=&#8221;default&#8221; global_colors_info=&#8221;{}&#8221;][et_pb_image src=&#8221;https:\/\/vihertaimisto.fi\/wp-content\/uploads\/2023\/11\/pihasuunnittelu_seinajoki.jpg&#8221; alt=&#8221;Kasvuunl\u00e4ht\u00f6takuu&#8221; title_text=&#8221;pihasuunnittelu_sein\u00e4joki&#8221; _builder_version=&#8221;4.14.7&#8243; _module_preset=&#8221;default&#8221; width=&#8221;100%&#8221; custom_margin=&#8221;||0px||false|false&#8221; custom_padding=&#8221;0px|0px|0px|0px|true|true&#8221; global_colors_info=&#8221;{}&#8221;][\/et_pb_image][\/et_pb_column][et_pb_column type=&#8221;2_3&#8243; _builder_version=&#8221;4.11.2&#8243; _module_preset=&#8221;default&#8221; global_colors_info=&#8221;{}&#8221;][et_pb_text _builder_version=&#8221;4.14.7&#8243; _module_preset=&#8221;default&#8221; text_font=&#8221;Poppins||||||||&#8221; text_letter_spacing=&#8221;1px&#8221; text_line_height=&#8221;1.5em&#8221; header_font=&#8221;Poppins|||on|||||&#8221; header_text_color=&#8221;#868751&#8243; header_font_size=&#8221;24px&#8221; header_letter_spacing=&#8221;3px&#8221; header_2_font=&#8221;Poppins|||on|||||&#8221; header_2_text_color=&#8221;#868751&#8243; header_2_font_size=&#8221;20px&#8221; header_2_letter_spacing=&#8221;3px&#8221; header_3_font=&#8221;Poppins||||||||&#8221; header_3_text_color=&#8221;#868751&#8243; header_3_letter_spacing=&#8221;3px&#8221; custom_margin=&#8221;||0px||false|false&#8221; global_colors_info=&#8221;{}&#8221;]<\/p>\n<p>Olemme tehneet kurssista pienen maistiaisen, joka on sinulle <strong>t\u00e4ysin ilmainen<\/strong>. T\u00e4m\u00e4 maistiainen on kurssin ensimm\u00e4inen osa, mutta se ei velvoita sinua ostamaan muita osia (eik\u00e4 velvoita mihink\u00e4\u00e4n muuhunkaan). Ensimm\u00e4isess\u00e4 osassa kartoitat toiveitasi apukysymysten ja esimerkkien avulla. Kun teet t\u00e4h\u00e4n osaan liittyv\u00e4n teht\u00e4v\u00e4n, voit helpommin jatkaa puutarhasi suunnittelua joko itse verkkokurssin avulla, tai pyyt\u00e4\u00e4 jotakuta ammattilaista tekem\u00e4\u00e4n pihasi suunnitelman valmiiksi tuota teht\u00e4v\u00e4\u00e4 apunak\u00e4ytt\u00e4en. Ammattilaisen tekem\u00e4 pihasuunnitelma on hinnaltaan usein alkaen 1000 euroa, ison pihan suunnitelma voi maksaa useita tuhansia euroja. Tuolla hinnalla saat tietysti laatua ja n\u00e4kemyst\u00e4, mutta aina ei ole mahdollisuutta sijoittaa n\u00e4in isoja summia suunnitteluun.<\/p>\n<p>&nbsp;<\/p>\n<p>Siksi <em>Vihervoimistelijan verkkokurssi pihasuunnittelun maailmaan<\/em> sopii sellaiselle, joka haluaa suunnitella itse, mutta v\u00e4ltt\u00e4\u00e4 kuitenkin suunnitteluvirheiden aiheuttamat rahanmenetykset. Verkkokurssilla k\u00e4sitell\u00e4\u00e4n seuraavat asiat:<\/p>\n<p>[\/et_pb_text][\/et_pb_column][\/et_pb_row][et_pb_row _builder_version=&#8221;4.14.7&#8243; _module_preset=&#8221;default&#8221; global_colors_info=&#8221;{}&#8221;][et_pb_column type=&#8221;4_4&#8243; _builder_version=&#8221;4.14.7&#8243; _module_preset=&#8221;default&#8221; global_colors_info=&#8221;{}&#8221;][et_pb_text _builder_version=&#8221;4.14.7&#8243; _module_preset=&#8221;default&#8221; text_font=&#8221;Poppins||||||||&#8221; text_text_color=&#8221;#737167&#8243; text_letter_spacing=&#8221;1px&#8221; text_line_height=&#8221;1.5em&#8221; header_font=&#8221;Poppins|||on|||||&#8221; header_text_color=&#8221;#868751&#8243; header_font_size=&#8221;23px&#8221; header_letter_spacing=&#8221;3px&#8221; header_3_font=&#8221;Poppins|||on|||||&#8221; header_3_text_color=&#8221;#868751&#8243; header_3_letter_spacing=&#8221;2px&#8221; custom_margin=&#8221;-25px||||false|false&#8221; global_colors_info=&#8221;{}&#8221;]<\/p>\n<p><strong><\/strong><\/p>\n<p><strong>1. Toiveet ja inspiraatio &#8211; ideat unelmien pihani taustalla (ilmainen osa)<\/strong><\/p>\n<p>T\u00e4ss\u00e4 osassa ideoidaan ja selkeytet\u00e4\u00e4n toiveita pihaan ja puutarhaan liittyen. Ideoimisen apuna on tarjolla apukysymyksi\u00e4, joihin vastauksia miettim\u00e4ll\u00e4 saat selvitetyksi itsellesi, mit\u00e4 pihastasi toivot. T\u00e4m\u00e4 osio toimii apuna my\u00f6s, jos olet aikeissa hankkia pihasuunnittelun ammattilaisen suunnittelemaan puutarhaasi.<\/p>\n<p><strong>2. Mittaaminen ja piirt\u00e4minen \u2013 nyt saa taiteilla<\/strong><\/p>\n<p>T\u00e4ss\u00e4 osassa mittaat pihan suunniteltavat alueet ja piirr\u00e4t niist\u00e4 suunnitelmalle pohjan. Mittaaminen on t\u00e4rke\u00e4\u00e4, jotta kasvien ja esim. kasvualustan m\u00e4\u00e4r\u00e4 voidaan laskea etuk\u00e4teen.<\/p>\n<p><strong>3. Pihan olosuhteiden huomioiminen puutarhan suunnittelussa (mm. kasvuvy\u00f6hykkeet ja ilmansuunnat)<\/strong><\/p>\n<p>T\u00e4ss\u00e4 osassa opit, mitk\u00e4 asiat vaikuttavat kasvien selvi\u00e4miseen tietynlaisissa paikoissa. T\u00e4m\u00e4n j\u00e4lkeen et en\u00e4\u00e4 tee hutiostoksia ja kasvisi selvi\u00e4v\u00e4t todenn\u00e4k\u00f6isemmin vuodesta toiseen, kaunistuen vuosi vuodelta.<\/p>\n<p><strong>4. Kasvualustat ja niiden muokkaaminen<\/strong><\/p>\n<p>T\u00e4ss\u00e4 osassa opit, miten kasvualusta vaikuttaa kasvien hyvinvointiin ja selvit\u00e4t pihallasi valmiiksi olevan maa-aineksen soveltuvuuden niille. Lis\u00e4ksi opit, miten maa-ainesta voi muokata kasveille sopivaksi.<\/p>\n<p><strong>5. Pihalle kehykset \u2013 pensasaidat ja -aidanteet<\/strong><\/p>\n<p>T\u00e4ss\u00e4 osassa opit, millaisia kasveja voi k\u00e4ytt\u00e4\u00e4 aitakasveina ja mit\u00e4 niiden hoidossa kannattaa ottaa jo etuk\u00e4teen huomioon. Opit laskemaan erityyppisten aitakasvien menekin. Opit my\u00f6s, miten erilaiset aitaratkaisut vaikuttavat ymp\u00e4r\u00f6iviin kasveihin. Varsinaisia aidanrakennustekniikoita ei k\u00e4yd\u00e4 l\u00e4pi.<\/p>\n<p><strong>6. Pihan toiminnot paikoilleen \u2013 kulkuv\u00e4yl\u00e4t, terassit, patiot ja kes\u00e4keitti\u00f6t<\/strong><\/p>\n<p>T\u00e4ss\u00e4 osassa opit, miten pihan &#8220;kovien&#8221; elementtien sijoittelu kannattaa tehd\u00e4 ja mit\u00e4 on hyv\u00e4 huomioida ymp\u00e4r\u00f6ivi\u00e4 kasveja suunnitellessa. Varsinaista rakennusohjeita ei k\u00e4yd\u00e4 l\u00e4pi.<\/p>\n<p><strong>7. Nurmikko \u2013 suunnittele oikeanlainen nurmialue k\u00e4ytt\u00f6tarkoituksen mukaan<\/strong><\/p>\n<p>T\u00e4ss\u00e4 osassa opit nurmikon perustamisen ja erilaisten nurmiseosten soveltuvuuden erilaisiin k\u00e4ytt\u00f6tarkoituksiin.<\/p>\n<p><strong>8. Puut ja pensaat \u2013 puutarhan tukirangat<\/strong><\/p>\n<p>T\u00e4ss\u00e4 osassa opit, miten puut ja pensaat kannattaa puutarhaan sijoittaa ja mit\u00e4 niiden sijainnissa on hyv\u00e4 ottaa huomioon niiden itsens\u00e4 kannalta, mutta my\u00f6s esim. rakennusten kannalta. Opit my\u00f6s, miten puiden ja pensaiden avulla voidaan vaikuttaa pihan l\u00e4mp\u00f6tilaan ja tuulisuuteen sek\u00e4 muiden kasvien viihtyvyyteen.<\/p>\n<p><strong>9. Perenna-alueet \u2013 lihaa tukirangan ymp\u00e4rille<\/strong><\/p>\n<p>T\u00e4ss\u00e4 osassa opit, miten saat koko kasvukaudelle kaunista katseltavaa ja erilaisia tekstuureja, korkeuksia ja v\u00e4rien kirjoa. Saat my\u00f6s kattavan listan sopivista perennavaihtoehdoista pihan erilaisiin osiin.<\/p>\n<p><strong>10. Istutusaltaat \u2013 millainen allas on kasvien kannalta suosiollisin ja mit\u00e4 kasveja istuttaa v\u00e4hemm\u00e4n suosiolliseen altaaseen<\/strong><\/p>\n<p>T\u00e4ss\u00e4 osiossa opit, millaisessa istutusaltaassa ostamasi kasvit selvi\u00e4v\u00e4t todenn\u00e4k\u00f6isimmin talven yli hengiss\u00e4. Opit my\u00f6s, mit\u00e4 kasveja voi kokeilla, jos ei ole mahdollista muuttaa huonoilla ominaisuuksilla varustettua istutusallasta parempaan. Varsinaisia rakennusohjeita ei k\u00e4yd\u00e4 l\u00e4pi.<\/p>\n<p><strong>11. Lammet ja muut vesiaiheet<\/strong><\/p>\n<p>T\u00e4ss\u00e4 osioissa opit, mihin pihan vesiaihe kannattaa sijoittaa ja millaisia vaihtoehtoja niihin l\u00f6ytyy. Lis\u00e4ksi opit valitsemaan vesikasveja, jotka helpottavat vesiaiheen hoitoa ja joista on my\u00f6s iloa silm\u00e4lle.<\/p>\n<p><strong>12. Hy\u00f6tykasvit puutarhassa \u2013 tehd\u00e4k\u00f6 marjapensasalue ja hedelm\u00e4puulehto vai jotain ihan muuta<\/strong><\/p>\n<p>T\u00e4ss\u00e4 osassa opit, mihin hy\u00f6tykasvit kannattaa sijoittaa mahdollisimman hyv\u00e4n sadon saamiseksi ja mit\u00e4 asioita kannattaa huomioida kasvien valinnassa.<\/p>\n<p><strong>13. Ruukkujen k\u00e4ytt\u00f6 pieness\u00e4 patiopihassa tai suurten istutusalueiden mausteena<\/strong><\/p>\n<p>T\u00e4ss\u00e4 osassa opit, miten saat ruukuilla tuotua lis\u00e4\u00e4 kiinnostavaa katseltavaa puutarhaasi. Opit my\u00f6s, mit\u00e4 pit\u00e4\u00e4 ottaa huomioon, jos ruukuissa olevista kasveista haluaa iloa useammaksi kuin yhdeksi kes\u00e4ksi.<\/p>\n<p><strong>14. Parveke- tai terassipuutarha \u2013 paljon toimintoja pieneen tilaan<\/strong><\/p>\n<p>T\u00e4ss\u00e4 osassa opit, miten rakentaa mahdollisimman tehokas puutarha pieneen tilaan.<\/p>\n<p><strong>15. Luontopuutarha \u2013 miten lis\u00e4t\u00e4 isompien ja pienempien el\u00e4inten m\u00e4\u00e4r\u00e4\u00e4 pihalla<\/strong><\/p>\n<p>T\u00e4ss\u00e4 osassa opit, miten ottaa luonnon monimuotoisuus huomioon puutarhaa suunniteltaessa ja hoidettaessa. P\u00f6lytt\u00e4j\u00e4hy\u00f6nteisten m\u00e4\u00e4r\u00e4 on v\u00e4hentynyt ja jokainen voi auttaa tilannetta omalla pihallaan. Lis\u00e4ksi opit, miten kannustaa lintuja, sammakkoel\u00e4imi\u00e4 ja nis\u00e4kk\u00e4it\u00e4 viihtym\u00e4\u00e4n pihallasi.<\/p>\n<p>[\/et_pb_text][\/et_pb_column][\/et_pb_row][et_pb_row column_structure=&#8221;2_5,3_5&#8243; _builder_version=&#8221;4.14.7&#8243; _module_preset=&#8221;default&#8221; custom_margin=&#8221;0px||||false|false&#8221; global_colors_info=&#8221;{}&#8221;][et_pb_column type=&#8221;2_5&#8243; _builder_version=&#8221;4.14.7&#8243; _module_preset=&#8221;default&#8221; global_colors_info=&#8221;{}&#8221;][et_pb_image src=&#8221;https:\/\/vihertaimisto.fi\/wp-content\/uploads\/2024\/04\/puutarhakurssi_riina.jpg&#8221; title_text=&#8221;puutarhakurssi_riina&#8221; _builder_version=&#8221;4.14.7&#8243; _module_preset=&#8221;default&#8221; custom_margin=&#8221;0px||||false|false&#8221; hover_enabled=&#8221;0&#8243; global_colors_info=&#8221;{}&#8221; sticky_enabled=&#8221;0&#8243;][\/et_pb_image][\/et_pb_column][et_pb_column type=&#8221;3_5&#8243; _builder_version=&#8221;4.14.7&#8243; _module_preset=&#8221;default&#8221; global_colors_info=&#8221;{}&#8221;][et_pb_text _builder_version=&#8221;4.14.7&#8243; _module_preset=&#8221;default&#8221; text_font=&#8221;Poppins||||||||&#8221; text_text_color=&#8221;#737167&#8243; text_letter_spacing=&#8221;1px&#8221; text_line_height=&#8221;1.5em&#8221; header_font=&#8221;Poppins|||on|||||&#8221; header_text_color=&#8221;#868751&#8243; header_font_size=&#8221;23px&#8221; header_letter_spacing=&#8221;3px&#8221; header_3_font=&#8221;Poppins|||on|||||&#8221; header_3_text_color=&#8221;#868751&#8243; header_3_letter_spacing=&#8221;2px&#8221; custom_margin=&#8221;0px||||false|false&#8221; hover_enabled=&#8221;0&#8243; global_colors_info=&#8221;{}&#8221; sticky_enabled=&#8221;0&#8243;]<\/p>\n<p>Verkkokurssimateriaalina on tekstej\u00e4, kuvia ja videoita. Lis\u00e4ksi osissa 2-15 on kommenttikent\u00e4t, joissa voi kommentoida ja kysy\u00e4 omaan suunnitelmaasi liittyvi\u00e4 tarkennuksia.<\/p>\n<p><em>Vihervoimistelijan verkkokurssi pihasuunnittelun maailmaan<\/em> osat 2-15 ovat k\u00e4yt\u00f6ss\u00e4si heti kurssin ostaessasi. Jos kurssiin lis\u00e4t\u00e4\u00e4n my\u00f6hemmin uusia osia, saat ne k\u00e4ytt\u00f6\u00f6si ilman lis\u00e4maksua.<\/p>\n<p><strong>Kurssin hinta on vain <span style=\"color: #808000;\">179 \u20ac<\/span>.<\/strong><\/p>\n<p>Osta Vihervoimistelijan verkkokurssi pihasuunnittelun maailmaan <a href=\"https:\/\/verkkokauppa.vihertaimisto.fi\/vihervoimistelijan-verkkokurssi-pihasuunnittelun-maailmaan\" target=\"_blank\" rel=\"noopener\">T\u00c4\u00c4LT\u00c4<\/a> ja lakkaa heitt\u00e4m\u00e4st\u00e4 rahojasi hukkaan pihan suunnitteluvirheiden vuoksi!<\/p>\n<p>Voit kokeilla ilmaista maistiaista kurssille <a href=\"https:\/\/vihertaimisto.campwire.com\/invitations\/sFsr3NE7rV_ZuXAXaSgT\" target=\"_blank\" rel=\"noopener\">T\u00c4\u00c4LL\u00c4<\/a>. (Ei siis velvoita ostamaan loppukurssia.)<\/p>\n<p>[\/et_pb_text][\/et_pb_column][\/et_pb_row][\/et_pb_section]<\/p>\n","protected":false},"excerpt":{"rendered":"<p>Vihervoimistelijan verkkokurssi pihasuunnittelun maailmaan &nbsp; &nbsp; Oletko\u00a0 joskus ostanut kasveja pihaasi ja ne vaan eiv\u00e4t kasva? Vai heititk\u00f6 rahasi hukkaan kasveihin, jotka kuolivat ja nyt joudut katselemaan r\u00e4hj\u00e4ist\u00e4 risua puutarhasi kauneimmassa kohdassa? Huoli pois, et ole ainoa, jolle n\u00e4in on k\u00e4ynyt. Vihervoimistelijan verkkokurssi pihasuunnittelun maailmaan auttaa sinua s\u00e4\u00e4st\u00e4m\u00e4\u00e4n selv\u00e4\u00e4 rahaa, jonka voit k\u00e4ytt\u00e4\u00e4 vaikkapa matkusteluun [&hellip;]<\/p>\n","protected":false},"author":1,"featured_media":0,"parent":0,"menu_order":0,"comment_status":"closed","ping_status":"closed","template":"","meta":{"_et_pb_use_builder":"on","_et_pb_old_content":"","_et_gb_content_width":"","footnotes":""},"class_list":["post-1131","page","type-page","status-publish","hentry"],"_links":{"self":[{"href":"https:\/\/vihertaimisto.fi\/index.php\/wp-json\/wp\/v2\/pages\/1131","targetHints":{"allow":["GET"]}}],"collection":[{"href":"https:\/\/vihertaimisto.fi\/index.php\/wp-json\/wp\/v2\/pages"}],"about":[{"href":"https:\/\/vihertaimisto.fi\/index.php\/wp-json\/wp\/v2\/types\/page"}],"author":[{"embeddable":true,"href":"https:\/\/vihertaimisto.fi\/index.php\/wp-json\/wp\/v2\/users\/1"}],"replies":[{"embeddable":true,"href":"https:\/\/vihertaimisto.fi\/index.php\/wp-json\/wp\/v2\/comments?post=1131"}],"version-history":[{"count":8,"href":"https:\/\/vihertaimisto.fi\/index.php\/wp-json\/wp\/v2\/pages\/1131\/revisions"}],"predecessor-version":[{"id":1161,"href":"https:\/\/vihertaimisto.fi\/index.php\/wp-json\/wp\/v2\/pages\/1131\/revisions\/1161"}],"wp:attachment":[{"href":"https:\/\/vihertaimisto.fi\/index.php\/wp-json\/wp\/v2\/media?parent=1131"}],"curies":[{"name":"wp","href":"https:\/\/api.w.org\/{rel}","templated":true}]}}