{"id":1228,"date":"2024-09-24T15:37:21","date_gmt":"2024-09-24T15:37:21","guid":{"rendered":"https:\/\/vihertaimisto.fi\/?page_id=1228"},"modified":"2024-10-19T11:14:10","modified_gmt":"2024-10-19T11:14:10","slug":"sammaltaulut","status":"publish","type":"page","link":"https:\/\/vihertaimisto.fi\/index.php\/sammaltaulut\/","title":{"rendered":"Sammaltaulut"},"content":{"rendered":"<p>[et_pb_section fb_built=&#8221;1&#8243; _builder_version=&#8221;4.11.2&#8243; _module_preset=&#8221;default&#8221; background_color=&#8221;#F3F2F5&#8243; custom_padding=&#8221;3vw||3vw||false|false&#8221; global_colors_info=&#8221;{}&#8221;][et_pb_row _builder_version=&#8221;4.14.7&#8243; _module_preset=&#8221;default&#8221; custom_margin=&#8221;||7px||false|false&#8221; custom_padding=&#8221;0px||0vw||false|false&#8221; global_colors_info=&#8221;{}&#8221;][et_pb_column type=&#8221;4_4&#8243; _builder_version=&#8221;4.11.2&#8243; _module_preset=&#8221;default&#8221; global_colors_info=&#8221;{}&#8221;][et_pb_text _builder_version=&#8221;4.14.7&#8243; _module_preset=&#8221;default&#8221; text_font=&#8221;Poppins||||||||&#8221; text_letter_spacing=&#8221;1px&#8221; text_line_height=&#8221;1.5em&#8221; header_font=&#8221;Poppins|||on|||||&#8221; header_text_color=&#8221;#868751&#8243; header_font_size=&#8221;24px&#8221; header_letter_spacing=&#8221;3px&#8221; header_2_font=&#8221;Poppins|||on|||||&#8221; header_2_text_color=&#8221;#868751&#8243; header_2_font_size=&#8221;20px&#8221; header_2_letter_spacing=&#8221;3px&#8221; header_3_font=&#8221;Poppins||||||||&#8221; header_3_text_color=&#8221;#868751&#8243; header_3_letter_spacing=&#8221;3px&#8221; custom_margin=&#8221;||0px||false|false&#8221; custom_padding=&#8221;||11px||false|false&#8221; global_colors_info=&#8221;{}&#8221;]<\/p>\n<h1>Sammalsein\u00e4t ja -taulut<\/h1>\n<p>Onko mit\u00e4\u00e4n ihanampaa kuin pieni pala mets\u00e4\u00e4 kotonasi tai toimistossasi?<\/p>\n<p>Stabiloidusta sammaleesta, j\u00e4k\u00e4l\u00e4st\u00e4 ja kasveista tehty taulu on juuri sellainen. Pieni mets\u00e4npalanen muistuttamassa luonnon kauneudesta silloinkin, kun et ehdi tai p\u00e4\u00e4se luonnosta nauttimaan. Se muistuttaa kes\u00e4st\u00e4 keskell\u00e4 talvea ja tuo mieleen kev\u00e4\u00e4n ensimm\u00e4iset mustikankukat tai syksyisen mets\u00e4n tuoksun.<\/p>\n<p>[\/et_pb_text][\/et_pb_column][\/et_pb_row][et_pb_row column_structure=&#8221;1_2,1_2&#8243; _builder_version=&#8221;4.14.7&#8243; _module_preset=&#8221;default&#8221; global_colors_info=&#8221;{}&#8221;][et_pb_column type=&#8221;1_2&#8243; _builder_version=&#8221;4.14.7&#8243; _module_preset=&#8221;default&#8221; global_colors_info=&#8221;{}&#8221;][et_pb_image src=&#8221;https:\/\/vihertaimisto.fi\/wp-content\/uploads\/2024\/09\/sammaltaulu1.jpg&#8221; alt=&#8221;hautalaite, jossa poronsarvi&#8221; title_text=&#8221;sammaltaulu1&#8243; _builder_version=&#8221;4.14.7&#8243; _module_preset=&#8221;default&#8221; custom_margin=&#8221;0px||||false|false&#8221; global_colors_info=&#8221;{}&#8221;][\/et_pb_image][\/et_pb_column][et_pb_column type=&#8221;1_2&#8243; _builder_version=&#8221;4.14.7&#8243; _module_preset=&#8221;default&#8221; global_colors_info=&#8221;{}&#8221;][et_pb_image src=&#8221;https:\/\/vihertaimisto.fi\/wp-content\/uploads\/2024\/09\/sammaltaulu2.jpg&#8221; alt=&#8221;hautalaite, jossa poronsarvi&#8221; title_text=&#8221;sammaltaulu2&#8243; _builder_version=&#8221;4.14.7&#8243; _module_preset=&#8221;default&#8221; custom_margin=&#8221;0px||||false|false&#8221; global_colors_info=&#8221;{}&#8221;][\/et_pb_image][\/et_pb_column][\/et_pb_row][et_pb_row _builder_version=&#8221;4.14.7&#8243; _module_preset=&#8221;default&#8221; custom_margin=&#8221;||7px||false|false&#8221; custom_padding=&#8221;0px||0vw||false|false&#8221; global_colors_info=&#8221;{}&#8221;][et_pb_column type=&#8221;4_4&#8243; _builder_version=&#8221;4.11.2&#8243; _module_preset=&#8221;default&#8221; global_colors_info=&#8221;{}&#8221;][et_pb_text _builder_version=&#8221;4.14.7&#8243; _module_preset=&#8221;default&#8221; text_font=&#8221;Poppins||||||||&#8221; text_letter_spacing=&#8221;1px&#8221; text_line_height=&#8221;1.5em&#8221; header_font=&#8221;Poppins|||on|||||&#8221; header_text_color=&#8221;#868751&#8243; header_font_size=&#8221;24px&#8221; header_letter_spacing=&#8221;3px&#8221; header_2_font=&#8221;Poppins|||on|||||&#8221; header_2_text_color=&#8221;#868751&#8243; header_2_font_size=&#8221;20px&#8221; header_2_letter_spacing=&#8221;3px&#8221; header_3_font=&#8221;Poppins||||||||&#8221; header_3_text_color=&#8221;#868751&#8243; header_3_letter_spacing=&#8221;3px&#8221; custom_margin=&#8221;||0px||false|false&#8221; custom_padding=&#8221;||11px||false|false&#8221; hover_enabled=&#8221;0&#8243; global_colors_info=&#8221;{}&#8221; sticky_enabled=&#8221;0&#8243;]<\/p>\n<p>Stabiloidut kasvit ja j\u00e4k\u00e4l\u00e4t ovat joustavia ja tuntuvat ihan el\u00e4vilt\u00e4. Ne eiv\u00e4t siis rapise kuten kuivatut kasvit tekev\u00e4t. Kasvin sis\u00e4ll\u00e4 oleva neste on korvattu kasviper\u00e4isell\u00e4 s\u00e4il\u00f6nt\u00e4aineella ja v\u00e4rill\u00e4, mink\u00e4 ansioista kasvit tuntuvat ja n\u00e4ytt\u00e4v\u00e4t tuoreilta, ja s\u00e4ilytt\u00e4v\u00e4t v\u00e4rins\u00e4 vuosia. Osan materiaalista k\u00e4sittelemme itse, osa k\u00e4sitell\u00e4\u00e4n Euroopassa.<\/p>\n<p>Sammaltaulu sijoitetaan auringonvalolta (ja muulta hyvin voimakkaalta valolta) suojattuun paikkaan sis\u00e4tilaan, jossa ilmankosteus pysyy alle 70 prosentissa. Taulun kasvit eiv\u00e4t kaipaa valoa, joten sen voi sijoittaa huoneen h\u00e4m\u00e4r\u00e4\u00e4nkin nurkkaan. Taulu ei tarvitse kastelua vaan se on huoltovapaa. On hyv\u00e4 kuitenkin muistaa, ett\u00e4 vaikka kasvit n\u00e4ytt\u00e4v\u00e4t el\u00e4vilt\u00e4, ne eiv\u00e4t sit\u00e4 ole, ja jos kasvi menee rikki, se ei kasvata en\u00e4\u00e4 uutta lehte\u00e4 rikkoutuneen tilalle. T\u00e4ll\u00f6in uusien, stabiloitujen kasvinosien lis\u00e4\u00e4minen saattaa olla ajankohtaista.<\/p>\n<p><a href=\"https:\/\/verkkokauppa.vihertaimisto.fi\/sammaltaulut\" target=\"_blank\" rel=\"noopener\">T\u00e4\u00e4ll\u00e4 n\u00e4kyv\u00e4t t\u00e4ll\u00e4 hetkell\u00e4 valmiina olevat sammaltaulut.<\/a><\/p>\n<p>Sammaltaulu on mahdollista tehd\u00e4 my\u00f6s sammalsein\u00e4ksi. Sein\u00e4pintaa k\u00e4ytet\u00e4\u00e4n erityisesti yritysten tiloissa, joihin kaivataan n\u00e4ytt\u00e4vyytt\u00e4, luonnon tuntua ja toisaalta huoltovapautta. Ota meihin yhteytt\u00e4, jos haluat yrityksesi tiloihin r\u00e4\u00e4t\u00e4l\u00f6idyn sammal\/kasvisein\u00e4n. Karkea hinta sein\u00e4lle on 300-800 euroa \/ neli\u00f6 (+ alv) riippuen siit\u00e4, k\u00e4ytet\u00e4\u00e4nk\u00f6 pelkk\u00e4\u00e4 sammalta vai tuleeko sein\u00e4\u00e4n my\u00f6s stabiloituja kasveja. Lis\u00e4ksi veloitamme asennukseen kuluvan ajan tuntiveloituksena + mahdolliset muut kulut, esim. rakenteiden ja kehysten teko.<\/p>\n<p>Ota yhteytt\u00e4 <a href=\"mailto:posti@vihertaimisto.fi\">posti@vihertaimisto.fi<\/a> , niin suunnitellaan teille sammalpinta, joka ker\u00e4\u00e4 katseita!<\/p>\n<p>[\/et_pb_text][\/et_pb_column][\/et_pb_row][\/et_pb_section]<\/p>\n","protected":false},"excerpt":{"rendered":"<p>Sammalsein\u00e4t ja -taulut Onko mit\u00e4\u00e4n ihanampaa kuin pieni pala mets\u00e4\u00e4 kotonasi tai toimistossasi? Stabiloidusta sammaleesta, j\u00e4k\u00e4l\u00e4st\u00e4 ja kasveista tehty taulu on juuri sellainen. Pieni mets\u00e4npalanen muistuttamassa luonnon kauneudesta silloinkin, kun et ehdi tai p\u00e4\u00e4se luonnosta nauttimaan. Se muistuttaa kes\u00e4st\u00e4 keskell\u00e4 talvea ja tuo mieleen kev\u00e4\u00e4n ensimm\u00e4iset mustikankukat tai syksyisen mets\u00e4n tuoksun.Stabiloidut kasvit ja j\u00e4k\u00e4l\u00e4t ovat [&hellip;]<\/p>\n","protected":false},"author":1,"featured_media":0,"parent":0,"menu_order":0,"comment_status":"closed","ping_status":"closed","template":"","meta":{"_et_pb_use_builder":"on","_et_pb_old_content":"","_et_gb_content_width":"","footnotes":""},"class_list":["post-1228","page","type-page","status-publish","hentry"],"_links":{"self":[{"href":"https:\/\/vihertaimisto.fi\/index.php\/wp-json\/wp\/v2\/pages\/1228","targetHints":{"allow":["GET"]}}],"collection":[{"href":"https:\/\/vihertaimisto.fi\/index.php\/wp-json\/wp\/v2\/pages"}],"about":[{"href":"https:\/\/vihertaimisto.fi\/index.php\/wp-json\/wp\/v2\/types\/page"}],"author":[{"embeddable":true,"href":"https:\/\/vihertaimisto.fi\/index.php\/wp-json\/wp\/v2\/users\/1"}],"replies":[{"embeddable":true,"href":"https:\/\/vihertaimisto.fi\/index.php\/wp-json\/wp\/v2\/comments?post=1228"}],"version-history":[{"count":6,"href":"https:\/\/vihertaimisto.fi\/index.php\/wp-json\/wp\/v2\/pages\/1228\/revisions"}],"predecessor-version":[{"id":1255,"href":"https:\/\/vihertaimisto.fi\/index.php\/wp-json\/wp\/v2\/pages\/1228\/revisions\/1255"}],"wp:attachment":[{"href":"https:\/\/vihertaimisto.fi\/index.php\/wp-json\/wp\/v2\/media?parent=1228"}],"curies":[{"name":"wp","href":"https:\/\/api.w.org\/{rel}","templated":true}]}}