{"id":165,"date":"2021-11-01T04:31:56","date_gmt":"2021-11-01T04:31:56","guid":{"rendered":"https:\/\/vihertaimisto.fi\/?page_id=165"},"modified":"2024-08-16T20:14:32","modified_gmt":"2024-08-16T20:14:32","slug":"yritys","status":"publish","type":"page","link":"https:\/\/vihertaimisto.fi\/index.php\/yritys\/","title":{"rendered":"Meist\u00e4"},"content":{"rendered":"<p>[et_pb_section fb_built=&#8221;1&#8243; _builder_version=&#8221;4.11.2&#8243; _module_preset=&#8221;default&#8221; background_color=&#8221;#F3F2F5&#8243; custom_padding=&#8221;3vw||3vw||false|false&#8221; global_colors_info=&#8221;{}&#8221;][et_pb_row column_structure=&#8221;1_2,1_2&#8243; _builder_version=&#8221;4.11.2&#8243; _module_preset=&#8221;default&#8221; custom_padding=&#8221;0px||2vw||false|false&#8221; global_colors_info=&#8221;{}&#8221;][et_pb_column type=&#8221;1_2&#8243; _builder_version=&#8221;4.11.2&#8243; _module_preset=&#8221;default&#8221; global_colors_info=&#8221;{}&#8221;][et_pb_text _builder_version=&#8221;4.14.7&#8243; _module_preset=&#8221;default&#8221; text_font=&#8221;Poppins||||||||&#8221; text_text_color=&#8221;#868751&#8243; text_letter_spacing=&#8221;1px&#8221; text_line_height=&#8221;1.5em&#8221; hover_enabled=&#8221;0&#8243; global_colors_info=&#8221;{}&#8221; sticky_enabled=&#8221;0&#8243;]<\/p>\n<p><strong>MEIST\u00c4<\/strong><\/p>\n<p>Lakeuden Vihertaimistolla on pitk\u00e4t juuret Sein\u00e4joen puutarhamyym\u00e4l\u00e4perinteess\u00e4. Alun perin nimell\u00e4 Vuorij\u00e4rven Vihertaimisto toiminut myym\u00e4l\u00e4 vaihtoi omistajaa ensi kerran vuonna 2005, jolloin my\u00f6s nimi muuttui Lakeuden Vihertaimistoksi.<\/p>\n<p>Nykyiset yritt\u00e4j\u00e4t aloittivat myym\u00e4l\u00e4npidon syksyll\u00e4 2021, jolloin oli my\u00f6s selv\u00e4\u00e4, ett\u00e4 vanhasta paikasta Nurmon vesitornin juurelta piti muuttaa pois. Samaan aikaan liiketoiminnan ostamisen yhteydess\u00e4 olikin suuri urakka etsi\u00e4 ja hankkia uusi toimipaikka myym\u00e4l\u00e4toiminnan ja yrityksen toiminnan jatkumisen varmistamiseksi. Uusi paikka l\u00f6ytyikin Sein\u00e4joen Kiikusta, vanhan turvehoitolan markilta (Ahteentie 51), jossa suuret kuuset ymp\u00e4r\u00f6iv\u00e4t myym\u00e4l\u00e4\u00e4 ja linnunlaulusta saa nauttia aamuvarhaisesta iltamy\u00f6h\u00e4\u00e4n.<\/p>\n<p>Nyky\u00e4\u00e4n, siis syksyst\u00e4 2021, Lakeuden Vihertaimistoa ovat py\u00f6ritt\u00e4neet Riina Aarrekorpi ja Paavo Muhonen mahtavien ty\u00f6ntekij\u00f6idens\u00e4 avustuksella. Myym\u00e4l\u00e4n toiminta on laajentunut ymp\u00e4rivuotiseksi ja valikoimaan on otettu puutarha- ja viherkasvien lis\u00e4ksi my\u00f6s joulu- ja leikkokukat.<\/p>\n<p>&nbsp;<\/p>\n<p>[\/et_pb_text][\/et_pb_column][et_pb_column type=&#8221;1_2&#8243; _builder_version=&#8221;4.11.2&#8243; _module_preset=&#8221;default&#8221; global_colors_info=&#8221;{}&#8221;][et_pb_image src=&#8221;https:\/\/vihertaimisto.fi\/wp-content\/uploads\/2024\/08\/ahteentie51.jpg&#8221; alt=&#8221;Kuva perennoista ruukussa&#8221; title_text=&#8221;ahteentie51&#8243; _builder_version=&#8221;4.14.7&#8243; _module_preset=&#8221;default&#8221; width=&#8221;100%&#8221; custom_padding=&#8221;0px|0px|0px|0px|true|true&#8221; hover_enabled=&#8221;0&#8243; global_colors_info=&#8221;{}&#8221; sticky_enabled=&#8221;0&#8243;][\/et_pb_image][\/et_pb_column][\/et_pb_row][et_pb_row _builder_version=&#8221;4.11.2&#8243; _module_preset=&#8221;default&#8221; custom_padding=&#8221;0px||2vw||false|false&#8221; global_colors_info=&#8221;{}&#8221;][et_pb_column type=&#8221;4_4&#8243; _builder_version=&#8221;4.11.2&#8243; _module_preset=&#8221;default&#8221; global_colors_info=&#8221;{}&#8221;][et_pb_text _builder_version=&#8221;4.14.7&#8243; _module_preset=&#8221;default&#8221; text_font=&#8221;Poppins||||||||&#8221; text_text_color=&#8221;#868751&#8243; text_letter_spacing=&#8221;1px&#8221; text_line_height=&#8221;1.5em&#8221; hover_enabled=&#8221;0&#8243; global_colors_info=&#8221;{}&#8221; sticky_enabled=&#8221;0&#8243;]<\/p>\n<p><strong>MIT\u00c4 LUPAAMME<\/strong><\/p>\n<p>Olemme Vihertaimistolla sit\u00e4 mielt\u00e4, ett\u00e4 <strong>palvelu on kaiken a ja o<\/strong>. Meilt\u00e4 saat siis palvelua. Olipa toiveissa sitten apu sopivien kasvien valinnassa tai multas\u00e4kkien kantoapu autoon, olemme valmiina. Pyrimme hankkimaan asiakkaiden toivekasveja, vaikka joskus se vaatiikin meilt\u00e4 melkoisia erikoisliikkeit\u00e4.<\/p>\n<p>Tietyt kasvit eiv\u00e4t menesty tietyiss\u00e4 paikoissa, ja tietyt tuotteet ovat turhia tai niist\u00e4 ei ole apua siihen asiaan, johon asiakas sit\u00e4 aikoo hankkia. <strong>Uskallamme sanoa, jos asiakkaamme ei kannata hankkia jotain tuotetta<\/strong>. T\u00e4m\u00e4 usein tarkoittaa meille pienemp\u00e4\u00e4 myynti\u00e4, koska emme pakkomyy asiakkaillemme mit\u00e4\u00e4n, ja etenkin ep\u00e4varmojen kasvien kanssa varmistellaan, onko asiakas varmasti halukas hankkimaan kyseisen kasvin haluamaansa paikkaan.\u00a0 <strong>Haluamme, ett\u00e4 asiakkaamme onnistuvat kasviensa kanssa<\/strong>, sill\u00e4 puutarha- ja huonekasvien hoito on mit\u00e4 mainiointa puuhaa ja toivomme, ett\u00e4 kukaan ei menet\u00e4 intoaan siihen v\u00e4\u00e4rien kasvivalintojen vuoksi.<\/p>\n<p>Hankimme kaikki saatavissa olevat kasvit Suomesta. Aina niit\u00e4 ei ole kuitenkaan etenk\u00e4\u00e4n erikoisempien kasvien suhteen tarjolla, joten k\u00e4\u00e4nnymme t\u00e4ll\u00f6in luotettujen, ulkomaisten tukkujemme puoleen. <strong>Kutsumme kotimaisiksi taimiksi vain sellaisia, jotka oikeasti sellaisen m\u00e4\u00e4ritelm\u00e4n t\u00e4ytt\u00e4v\u00e4t.<\/strong><\/p>\n<p>[\/et_pb_text][\/et_pb_column][\/et_pb_row][et_pb_row column_structure=&#8221;1_2,1_2&#8243; _builder_version=&#8221;4.11.2&#8243; _module_preset=&#8221;default&#8221; custom_padding=&#8221;0px||2vw||false|false&#8221; global_colors_info=&#8221;{}&#8221;][et_pb_column type=&#8221;1_2&#8243; _builder_version=&#8221;4.11.2&#8243; _module_preset=&#8221;default&#8221; global_colors_info=&#8221;{}&#8221;][\/et_pb_column][et_pb_column type=&#8221;1_2&#8243; _builder_version=&#8221;4.11.2&#8243; _module_preset=&#8221;default&#8221; global_colors_info=&#8221;{}&#8221;][et_pb_text _builder_version=&#8221;4.14.7&#8243; _module_preset=&#8221;default&#8221; text_font=&#8221;Poppins||||||||&#8221; text_text_color=&#8221;#868751&#8243; text_letter_spacing=&#8221;1px&#8221; text_line_height=&#8221;1.5em&#8221; hover_enabled=&#8221;0&#8243; global_colors_info=&#8221;{}&#8221; sticky_enabled=&#8221;0&#8243;]<\/p>\n<p>Lakeuden Vihertaimisto Oy<\/p>\n<p>3242982-1<\/p>\n<p>&nbsp;<\/p>\n<p>06 &#8211; 4146 300<\/p>\n<p>posti@vihertaimisto.fi<\/p>\n<p>Ahteentie 51<\/p>\n<p>60420 Sein\u00e4joki<\/p>\n<p>[\/et_pb_text][\/et_pb_column][\/et_pb_row][\/et_pb_section]<\/p>\n","protected":false},"excerpt":{"rendered":"<p>MEIST\u00c4 Lakeuden Vihertaimistolla on pitk\u00e4t juuret Sein\u00e4joen puutarhamyym\u00e4l\u00e4perinteess\u00e4. Alun perin nimell\u00e4 Vuorij\u00e4rven Vihertaimisto toiminut myym\u00e4l\u00e4 vaihtoi omistajaa ensi kerran vuonna 2005, jolloin my\u00f6s nimi muuttui Lakeuden Vihertaimistoksi. Nykyiset yritt\u00e4j\u00e4t aloittivat myym\u00e4l\u00e4npidon syksyll\u00e4 2021, jolloin oli my\u00f6s selv\u00e4\u00e4, ett\u00e4 vanhasta paikasta Nurmon vesitornin juurelta piti muuttaa pois. Samaan aikaan liiketoiminnan ostamisen yhteydess\u00e4 olikin suuri urakka etsi\u00e4 [&hellip;]<\/p>\n","protected":false},"author":1,"featured_media":0,"parent":0,"menu_order":0,"comment_status":"closed","ping_status":"closed","template":"","meta":{"_et_pb_use_builder":"on","_et_pb_old_content":"","_et_gb_content_width":"","footnotes":""},"class_list":["post-165","page","type-page","status-publish","hentry"],"_links":{"self":[{"href":"https:\/\/vihertaimisto.fi\/index.php\/wp-json\/wp\/v2\/pages\/165","targetHints":{"allow":["GET"]}}],"collection":[{"href":"https:\/\/vihertaimisto.fi\/index.php\/wp-json\/wp\/v2\/pages"}],"about":[{"href":"https:\/\/vihertaimisto.fi\/index.php\/wp-json\/wp\/v2\/types\/page"}],"author":[{"embeddable":true,"href":"https:\/\/vihertaimisto.fi\/index.php\/wp-json\/wp\/v2\/users\/1"}],"replies":[{"embeddable":true,"href":"https:\/\/vihertaimisto.fi\/index.php\/wp-json\/wp\/v2\/comments?post=165"}],"version-history":[{"count":11,"href":"https:\/\/vihertaimisto.fi\/index.php\/wp-json\/wp\/v2\/pages\/165\/revisions"}],"predecessor-version":[{"id":1209,"href":"https:\/\/vihertaimisto.fi\/index.php\/wp-json\/wp\/v2\/pages\/165\/revisions\/1209"}],"wp:attachment":[{"href":"https:\/\/vihertaimisto.fi\/index.php\/wp-json\/wp\/v2\/media?parent=165"}],"curies":[{"name":"wp","href":"https:\/\/api.w.org\/{rel}","templated":true}]}}