{"id":189,"date":"2021-11-12T14:25:40","date_gmt":"2021-11-12T14:25:40","guid":{"rendered":"https:\/\/vihertaimisto.fi\/?page_id=189"},"modified":"2024-10-08T14:28:43","modified_gmt":"2024-10-08T14:28:43","slug":"tyopajat","status":"publish","type":"page","link":"https:\/\/vihertaimisto.fi\/index.php\/tyopajat\/","title":{"rendered":"Ty\u00f6pajat"},"content":{"rendered":"<p>[et_pb_section fb_built=&#8221;1&#8243; _builder_version=&#8221;4.11.2&#8243; _module_preset=&#8221;default&#8221; background_color=&#8221;#F3F2F5&#8243; custom_padding=&#8221;0vw||3vw||false|false&#8221; global_colors_info=&#8221;{}&#8221;][et_pb_row column_structure=&#8221;1_2,1_2&#8243; _builder_version=&#8221;4.11.2&#8243; _module_preset=&#8221;default&#8221; custom_padding=&#8221;3vw||||false|false&#8221; global_colors_info=&#8221;{}&#8221;][et_pb_column type=&#8221;1_2&#8243; _builder_version=&#8221;4.11.2&#8243; _module_preset=&#8221;default&#8221; global_colors_info=&#8221;{}&#8221;][et_pb_text _builder_version=&#8221;4.14.7&#8243; _module_preset=&#8221;default&#8221; text_font=&#8221;Poppins||||||||&#8221; text_letter_spacing=&#8221;1px&#8221; text_line_height=&#8221;1.5em&#8221; header_font=&#8221;Poppins||||||||&#8221; header_3_font=&#8221;Poppins||||||||&#8221; header_3_text_color=&#8221;#868751&#8243; header_3_letter_spacing=&#8221;3px&#8221; header_4_font=&#8221;Poppins||||||||&#8221; header_4_text_color=&#8221;#F28475&#8243; header_4_font_size=&#8221;15px&#8221; header_4_letter_spacing=&#8221;1px&#8221; header_4_line_height=&#8221;1.4em&#8221; hover_enabled=&#8221;0&#8243; global_colors_info=&#8221;{}&#8221; sticky_enabled=&#8221;0&#8243;]<\/p>\n<h3>TY\u00d6PAJAT<\/h3>\n<p>&nbsp;<\/p>\n<h4>Mik\u00e4 parhain idea &#8211; ker\u00e4\u00e4 porukka kasaan ja tule meille tekem\u00e4\u00e4n k\u00e4sill\u00e4 jouluisissa (tai sitten ei-niin-jouluisissa, miten haluatte) tunnelmissa!<\/h4>\n<p>Joulun ajan ty\u00f6paja-aikoja on viel\u00e4 hyvin j\u00e4ljell\u00e4 (arki-illat ja viikonloput), joten nyt on hyv\u00e4 aika varata vaikka pikkujoulutekemist\u00e4 muun ohjelman lis\u00e4ksi. Tarjoamme 4-10 hengen ryhmille erilaisia kasviaiheisia ty\u00f6pajoja, joissa voidaan tehd\u00e4 esim. havukranssi tai vuodenaikaan ja fiilikseen sopiva kukkakimppu tai -seppele. Melko moni ryhm\u00e4 on meill\u00e4 jo k\u00e4ynytkin ja saanut mukaansa kaunista kotiinviemist\u00e4. Ryhmille r\u00e4\u00e4t\u00e4l\u00f6idyt ty\u00f6pajat ovat hinnaltaan alkaen 30 \u20ac\/nen\u00e4 (sis. alv), riippuen osallistujam\u00e4\u00e4r\u00e4st\u00e4 ja tarveaineiden tarpeesta. Joulun alla ty\u00f6pajan hintaan kuuluu my\u00f6s mukillinen gl\u00f6gi\u00e4.<\/p>\n<p>Esimerkkihintoja:<\/p>\n<p>Kimppupaja 6 henkil\u00f6lle 45 \u20ac\/nen\u00e4 (sis. alv)<\/p>\n<p>Havukranssipaja 8 henkil\u00f6lle 50 \u20ac\/nen\u00e4 (sis. alv)<\/p>\n<p>Yksinkertainen kranssi -paja 10 henkil\u00f6lle 35 \u20ac\/nen\u00e4 (sis. alv)<\/p>\n<p>&nbsp;<\/p>\n<p>Laita viesti\u00e4 <a href=\"mailto:posti@vihertaimisto.fi\">posti@vihertaimisto.fi<\/a> ja varaa porukallenne kivaa yhdess\u00e4 tekemist\u00e4. Voit my\u00f6s tiedustella mahdollisuutta ty\u00f6pajaan omissa tiloissanne.<\/p>\n<p>[\/et_pb_text][\/et_pb_column][et_pb_column type=&#8221;1_2&#8243; _builder_version=&#8221;4.11.2&#8243; _module_preset=&#8221;default&#8221; global_colors_info=&#8221;{}&#8221;][et_pb_image src=&#8221;https:\/\/vihertaimisto.fi\/wp-content\/uploads\/2024\/10\/minikranssi.jpg&#8221; alt=&#8221;kuva kukkakimpusta&#8221; title_text=&#8221;minikranssi&#8221; _builder_version=&#8221;4.14.7&#8243; _module_preset=&#8221;default&#8221; hover_enabled=&#8221;0&#8243; global_colors_info=&#8221;{}&#8221; sticky_enabled=&#8221;0&#8243;][\/et_pb_image][\/et_pb_column][\/et_pb_row][\/et_pb_section]<\/p>\n","protected":false},"excerpt":{"rendered":"<p>TY\u00d6PAJAT &nbsp; Mik\u00e4 parhain idea &#8211; ker\u00e4\u00e4 porukka kasaan ja tule meille tekem\u00e4\u00e4n k\u00e4sill\u00e4 jouluisissa (tai sitten ei-niin-jouluisissa, miten haluatte) tunnelmissa! Joulun ajan ty\u00f6paja-aikoja on viel\u00e4 hyvin j\u00e4ljell\u00e4 (arki-illat ja viikonloput), joten nyt on hyv\u00e4 aika varata vaikka pikkujoulutekemist\u00e4 muun ohjelman lis\u00e4ksi. Tarjoamme 4-10 hengen ryhmille erilaisia kasviaiheisia ty\u00f6pajoja, joissa voidaan tehd\u00e4 esim. havukranssi tai [&hellip;]<\/p>\n","protected":false},"author":1,"featured_media":0,"parent":0,"menu_order":0,"comment_status":"closed","ping_status":"closed","template":"","meta":{"_et_pb_use_builder":"on","_et_pb_old_content":"","_et_gb_content_width":"","footnotes":""},"class_list":["post-189","page","type-page","status-publish","hentry"],"_links":{"self":[{"href":"https:\/\/vihertaimisto.fi\/index.php\/wp-json\/wp\/v2\/pages\/189","targetHints":{"allow":["GET"]}}],"collection":[{"href":"https:\/\/vihertaimisto.fi\/index.php\/wp-json\/wp\/v2\/pages"}],"about":[{"href":"https:\/\/vihertaimisto.fi\/index.php\/wp-json\/wp\/v2\/types\/page"}],"author":[{"embeddable":true,"href":"https:\/\/vihertaimisto.fi\/index.php\/wp-json\/wp\/v2\/users\/1"}],"replies":[{"embeddable":true,"href":"https:\/\/vihertaimisto.fi\/index.php\/wp-json\/wp\/v2\/comments?post=189"}],"version-history":[{"count":17,"href":"https:\/\/vihertaimisto.fi\/index.php\/wp-json\/wp\/v2\/pages\/189\/revisions"}],"predecessor-version":[{"id":1246,"href":"https:\/\/vihertaimisto.fi\/index.php\/wp-json\/wp\/v2\/pages\/189\/revisions\/1246"}],"wp:attachment":[{"href":"https:\/\/vihertaimisto.fi\/index.php\/wp-json\/wp\/v2\/media?parent=189"}],"curies":[{"name":"wp","href":"https:\/\/api.w.org\/{rel}","templated":true}]}}