{"id":202,"date":"2021-11-14T15:11:41","date_gmt":"2021-11-14T15:11:41","guid":{"rendered":"https:\/\/vihertaimisto.fi\/?page_id=202"},"modified":"2025-05-30T18:42:27","modified_gmt":"2025-05-30T18:42:27","slug":"valikoima","status":"publish","type":"page","link":"https:\/\/vihertaimisto.fi\/index.php\/valikoima\/","title":{"rendered":"Valikoima"},"content":{"rendered":"<p>[et_pb_section fb_built=&#8221;1&#8243; _builder_version=&#8221;4.11.2&#8243; _module_preset=&#8221;default&#8221; background_color=&#8221;#F3F2F5&#8243; custom_padding=&#8221;0vw||3vw||false|false&#8221; global_colors_info=&#8221;{}&#8221;][et_pb_row _builder_version=&#8221;4.14.6&#8243; _module_preset=&#8221;default&#8221; global_colors_info=&#8221;{}&#8221;][et_pb_column type=&#8221;4_4&#8243; _builder_version=&#8221;4.14.6&#8243; _module_preset=&#8221;default&#8221; global_colors_info=&#8221;{}&#8221;][et_pb_text _builder_version=&#8221;4.14.7&#8243; _module_preset=&#8221;default&#8221; text_font=&#8221;Poppins||||||||&#8221; text_text_color=&#8221;#F28475&#8243; text_letter_spacing=&#8221;1px&#8221; global_colors_info=&#8221;{}&#8221;]<\/p>\n<p>&nbsp;<\/p>\n<p>&nbsp;<\/p>\n<p>[\/et_pb_text][et_pb_button button_url=&#8221;https:\/\/verkkokauppa.vihertaimisto.fi\/&#8221; url_new_window=&#8221;on&#8221; button_text=&#8221;Klikkaa t\u00e4st\u00e4 verkkokauppaan&#8221; _builder_version=&#8221;4.14.7&#8243; _module_preset=&#8221;default&#8221; custom_button=&#8221;on&#8221; button_text_color=&#8221;#FFFFFF&#8221; button_bg_color=&#8221;#F28475&#8243; button_border_width=&#8221;1px&#8221; button_border_radius=&#8221;5px&#8221; button_letter_spacing=&#8221;1px&#8221; button_font=&#8221;Poppins||||||||&#8221; global_colors_info=&#8221;{}&#8221;][\/et_pb_button][\/et_pb_column][\/et_pb_row][et_pb_row _builder_version=&#8221;4.14.7&#8243; _module_preset=&#8221;default&#8221; global_colors_info=&#8221;{}&#8221;][et_pb_column type=&#8221;4_4&#8243; _builder_version=&#8221;4.14.7&#8243; _module_preset=&#8221;default&#8221; global_colors_info=&#8221;{}&#8221;][et_pb_text _builder_version=&#8221;4.14.7&#8243; _module_preset=&#8221;default&#8221; text_font=&#8221;Poppins||||||||&#8221; text_letter_spacing=&#8221;1px&#8221; hover_enabled=&#8221;0&#8243; global_colors_info=&#8221;{}&#8221; sticky_enabled=&#8221;0&#8243;]<\/p>\n<p>Paikan p\u00e4\u00e4ll\u00e4 myynniss\u00e4 kuutiohintaan myyt\u00e4vi\u00e4 materiaaleja:<\/p>\n<p><strong>Istutusmulta:<\/strong> <strong>45,00\/m<sup>3 <\/sup>heiteltyn\u00e4<\/strong> (65,00\/m<sup>3 <\/sup>\u00a0tiivistettyn\u00e4) Multa on avokasalla, joten siin\u00e4 on rikkakasvien siemeni\u00e4.<\/p>\n<p><strong>Hapan multa; PH ~6:<\/strong> <strong>45,00\/m<sup>3 <\/sup>heiteltyn\u00e4<\/strong> (65,00\/m<sup>3 <\/sup>\u00a0tiivistettyn\u00e4) Multa on avokasalla, joten siin\u00e4 on rikkakasvien siemeni\u00e4.<\/p>\n<p><strong>A-luokan m\u00e4nnynkuorikate:<\/strong> <strong>69,00\/m<sup>3 <\/sup>heiteltyn\u00e4<\/strong> (75,00\/m<sup>3\u00a0 <\/sup>tiivistettyn\u00e4)<\/p>\n<p>&nbsp;<\/p>\n<p>Asiakas lapioi\/talikoi mullan\/kuorikatteen itse kasalta kyytiin, jonka j\u00e4lkeen ty\u00f6ntekij\u00e4mme mittaavat m\u00e4\u00e4r\u00e4n. Minimimyyntim\u00e4\u00e4r\u00e4 on 10 litraa.<\/p>\n<p>[\/et_pb_text][\/et_pb_column][\/et_pb_row][\/et_pb_section]<\/p>\n","protected":false},"excerpt":{"rendered":"<p>&nbsp; &nbsp;Paikan p\u00e4\u00e4ll\u00e4 myynniss\u00e4 kuutiohintaan myyt\u00e4vi\u00e4 materiaaleja: Istutusmulta: 45,00\/m3 heiteltyn\u00e4 (65,00\/m3 \u00a0tiivistettyn\u00e4) Multa on avokasalla, joten siin\u00e4 on rikkakasvien siemeni\u00e4. Hapan multa; PH ~6: 45,00\/m3 heiteltyn\u00e4 (65,00\/m3 \u00a0tiivistettyn\u00e4) Multa on avokasalla, joten siin\u00e4 on rikkakasvien siemeni\u00e4. A-luokan m\u00e4nnynkuorikate: 69,00\/m3 heiteltyn\u00e4 (75,00\/m3\u00a0 tiivistettyn\u00e4) &nbsp; Asiakas lapioi\/talikoi mullan\/kuorikatteen itse kasalta kyytiin, jonka j\u00e4lkeen ty\u00f6ntekij\u00e4mme mittaavat m\u00e4\u00e4r\u00e4n. Minimimyyntim\u00e4\u00e4r\u00e4 [&hellip;]<\/p>\n","protected":false},"author":1,"featured_media":0,"parent":0,"menu_order":0,"comment_status":"closed","ping_status":"closed","template":"","meta":{"_et_pb_use_builder":"on","_et_pb_old_content":"","_et_gb_content_width":"","footnotes":""},"class_list":["post-202","page","type-page","status-publish","hentry"],"_links":{"self":[{"href":"https:\/\/vihertaimisto.fi\/index.php\/wp-json\/wp\/v2\/pages\/202","targetHints":{"allow":["GET"]}}],"collection":[{"href":"https:\/\/vihertaimisto.fi\/index.php\/wp-json\/wp\/v2\/pages"}],"about":[{"href":"https:\/\/vihertaimisto.fi\/index.php\/wp-json\/wp\/v2\/types\/page"}],"author":[{"embeddable":true,"href":"https:\/\/vihertaimisto.fi\/index.php\/wp-json\/wp\/v2\/users\/1"}],"replies":[{"embeddable":true,"href":"https:\/\/vihertaimisto.fi\/index.php\/wp-json\/wp\/v2\/comments?post=202"}],"version-history":[{"count":32,"href":"https:\/\/vihertaimisto.fi\/index.php\/wp-json\/wp\/v2\/pages\/202\/revisions"}],"predecessor-version":[{"id":1355,"href":"https:\/\/vihertaimisto.fi\/index.php\/wp-json\/wp\/v2\/pages\/202\/revisions\/1355"}],"wp:attachment":[{"href":"https:\/\/vihertaimisto.fi\/index.php\/wp-json\/wp\/v2\/media?parent=202"}],"curies":[{"name":"wp","href":"https:\/\/api.w.org\/{rel}","templated":true}]}}