{"id":582,"date":"2022-02-15T14:07:59","date_gmt":"2022-02-15T14:07:59","guid":{"rendered":"https:\/\/vihertaimisto.fi\/?page_id=582"},"modified":"2023-06-10T21:17:34","modified_gmt":"2023-06-10T21:17:34","slug":"tuholaiset","status":"publish","type":"page","link":"https:\/\/vihertaimisto.fi\/index.php\/tuholaiset\/","title":{"rendered":"Tuholaiset"},"content":{"rendered":"<p>[et_pb_section fb_built=&#8221;1&#8243; _builder_version=&#8221;4.11.2&#8243; _module_preset=&#8221;default&#8221; background_color=&#8221;#F3F2F5&#8243; custom_padding=&#8221;3vw||3vw||false|false&#8221; global_colors_info=&#8221;{}&#8221;][et_pb_row column_structure=&#8221;1_2,1_2&#8243; _builder_version=&#8221;4.14.7&#8243; _module_preset=&#8221;default&#8221; custom_margin=&#8221;||7px||false|false&#8221; custom_padding=&#8221;0px||0vw||false|false&#8221; global_colors_info=&#8221;{}&#8221;][et_pb_column type=&#8221;1_2&#8243; _builder_version=&#8221;4.11.2&#8243; _module_preset=&#8221;default&#8221; global_colors_info=&#8221;{}&#8221;][et_pb_text _builder_version=&#8221;4.14.7&#8243; _module_preset=&#8221;default&#8221; text_font=&#8221;Poppins||||||||&#8221; text_letter_spacing=&#8221;1px&#8221; text_line_height=&#8221;1.5em&#8221; header_3_font=&#8221;Poppins||||||||&#8221; header_3_text_color=&#8221;#868751&#8243; header_3_letter_spacing=&#8221;3px&#8221; custom_margin=&#8221;||0px||false|false&#8221; hover_enabled=&#8221;0&#8243; global_colors_info=&#8221;{}&#8221; sticky_enabled=&#8221;0&#8243;]<\/p>\n<h3>\u00d6t\u00f6k\u00f6it\u00e4, onko heit\u00e4?<\/h3>\n<p>15.2.2022<i> (p\u00e4ivitetty 11.6.2023)<\/i><\/p>\n<p>Viime kes\u00e4n\u00e4 ja sen j\u00e4lkeen moni on her\u00e4nnyt viherkasveja piinaavaan \u00f6t\u00f6kk\u00e4ongelmaan. My\u00f6s meill\u00e4 Vihertaimistolla p\u00e4\u00e4stiin &#8220;nauttimaan&#8221; ihanien tuholaisten seurasta.<\/p>\n<p>Kasvihuoneet ovat l\u00e4mm\u00f6n ja kosteuden puolesta aika ihanteellisia paikkoja tuholaisille ja taimisto-olosuhteissa kasveja saapuu monista paikoista kasvihuoneeseemme ja piha-alueelle. Meill\u00e4 my\u00f6s valtaosa kasveista kiert\u00e4\u00e4 sis\u00e4tilojen kautta asiakkaiden mukana, sill\u00e4 kassapisteemme sijaitsee sis\u00e4ll\u00e4. Ihan siis siin\u00e4 viherkasvien l\u00e4hell\u00e4. Lis\u00e4ksi Suomessakin esiintyy luonnonvaraisina useita hy\u00f6nteisi\u00e4, jotka hyvinkin helposti levi\u00e4v\u00e4t esimerkiksi ilmavirtojen ja vaatteiden v\u00e4lityksell\u00e4 sis\u00e4kasvien kiusaksi. My\u00f6s hedelmist\u00e4 ja vihanneksista sek\u00e4 leikkokukista saattaa saada \u00f6t\u00f6k\u00f6it\u00e4 kotiinsa.<\/p>\n<p>Ik\u00e4v\u00e4 tosiasia on, ett\u00e4 ison mittakaavan kasvatuksessa tuholaisilta ei voi v\u00e4ltty\u00e4. Siksi onkin parempi tarkkailla kasveja ja tehd\u00e4 ennaltaehk\u00e4isevi\u00e4 toimia ennen kuin kodin jokainen kasvi on joutunut huonoon kuntoon tuholaisten takia. Moni voikin luulla kasvin kuolevan huonon hoidon takia, mutta taustalla ovatkin inhottavat tuholaiset.<\/p>\n<p>[\/et_pb_text][\/et_pb_column][et_pb_column type=&#8221;1_2&#8243; _builder_version=&#8221;4.11.2&#8243; _module_preset=&#8221;default&#8221; global_colors_info=&#8221;{}&#8221;][et_pb_image src=&#8221;https:\/\/vihertaimisto.fi\/wp-content\/uploads\/2022\/02\/kavykki.jpg&#8221; alt=&#8221;Kuva perennoista ruukussa&#8221; title_text=&#8221;kavykki&#8221; _builder_version=&#8221;4.14.7&#8243; _module_preset=&#8221;default&#8221; width=&#8221;100%&#8221; custom_margin=&#8221;||0px||false|false&#8221; custom_padding=&#8221;0px|0px|0px|0px|true|true&#8221; global_colors_info=&#8221;{}&#8221;][\/et_pb_image][\/et_pb_column][\/et_pb_row][et_pb_row column_structure=&#8221;2_5,3_5&#8243; _builder_version=&#8221;4.14.7&#8243; _module_preset=&#8221;default&#8221; global_colors_info=&#8221;{}&#8221;][et_pb_column type=&#8221;2_5&#8243; _builder_version=&#8221;4.14.7&#8243; _module_preset=&#8221;default&#8221; global_colors_info=&#8221;{}&#8221;][et_pb_image src=&#8221;https:\/\/vihertaimisto.fi\/wp-content\/uploads\/2022\/02\/liima-ansa.jpg&#8221; alt=&#8221;keltainen liima-ansa&#8221; title_text=&#8221;liima-ansa&#8221; _builder_version=&#8221;4.14.7&#8243; _module_preset=&#8221;default&#8221; custom_margin=&#8221;15px||||false|false&#8221; global_colors_info=&#8221;{}&#8221;][\/et_pb_image][\/et_pb_column][et_pb_column type=&#8221;3_5&#8243; _builder_version=&#8221;4.14.7&#8243; _module_preset=&#8221;default&#8221; global_colors_info=&#8221;{}&#8221;][et_pb_text _builder_version=&#8221;4.14.7&#8243; _module_preset=&#8221;default&#8221; text_font=&#8221;Poppins||||||||&#8221; text_text_color=&#8221;#737167&#8243; text_letter_spacing=&#8221;1px&#8221; text_line_height=&#8221;1.5em&#8221; custom_margin=&#8221;10px||||false|false&#8221; global_colors_info=&#8221;{}&#8221;]<\/p>\n<p>Yleisi\u00e4 kodin kasvien kiusanhenki\u00e4 ovat erilaiset kirvat, vihannespunkit, harsos\u00e4\u00e4sket ja ripsi\u00e4iset.<\/p>\n<p>Ennen torjuntatoimia on t\u00e4rke\u00e4\u00e4 selvitt\u00e4\u00e4, mit\u00e4 \u00f6t\u00f6k\u00f6it\u00e4 ollaan torjumassa. T\u00e4ss\u00e4 auttavat esim. erilaiset liima-ansat, joihin tarttuu lent\u00e4vi\u00e4 hy\u00f6nteisi\u00e4 ja ne pysyv\u00e4t paikallaan lajinm\u00e4\u00e4rityksen aikana. Keltaisiin liima-ansoihin tarttuvat esim. harsos\u00e4\u00e4sket ja aikuiset ripsi\u00e4iset.<\/p>\n<p><strong>Kirvat<\/strong> (my\u00f6s kilpi- ja villakilpikirvat) ovat hitaasti liikkuvia, usein paikallaan k\u00f6k\u00f6tt\u00e4vi\u00e4, paljaalla silm\u00e4ll\u00e4 erottuvia \u00f6t\u00f6k\u00f6it\u00e4, jotka imev\u00e4t kasvin nesteit\u00e4 ja ennen pitk\u00e4\u00e4 saavat sen voimaan huonosti. Kirvojen kanssa taistelu on jotakuinkin helppoa ainakin kotiolosuhteissa, jos kasveja ei ole satoja. Kirvat voi nyppi\u00e4 tai pest\u00e4 pois ja ennen pitk\u00e4\u00e4 niiden m\u00e4\u00e4r\u00e4 v\u00e4henee ja jossain vaiheessa my\u00f6s loppuu, jos tarkkailua ja poistoa jaksaa tehd\u00e4 s\u00e4\u00e4nn\u00f6llisesti. Olemme kotonamme saaneet ison pitk\u00e4lehtiviikunan villakilpikirvattomaksi ihan vain pinsettien avulla. Nyppimist\u00e4 tehtiin kasvin saavuttua noin kerran viikossa ja ehk\u00e4p\u00e4 parin kuukauden ajan. Ensimm\u00e4isen nyppimiskerran j\u00e4lkeen kirvoja l\u00f6ytyi en\u00e4\u00e4 yksitt\u00e4isi\u00e4 ja nyt niit\u00e4 ei ole yli vuoteen en\u00e4\u00e4 n\u00e4kynyt. Aina v\u00e4lill\u00e4 kuitenkin tarkistellaan edelleen.<\/p>\n<p>[\/et_pb_text][\/et_pb_column][\/et_pb_row][et_pb_row _builder_version=&#8221;4.14.7&#8243; _module_preset=&#8221;default&#8221; custom_margin=&#8221;10px||||false|false&#8221; custom_padding=&#8221;0px||0vw||false|false&#8221; global_colors_info=&#8221;{}&#8221;][et_pb_column type=&#8221;4_4&#8243; _builder_version=&#8221;4.11.2&#8243; _module_preset=&#8221;default&#8221; global_colors_info=&#8221;{}&#8221;][et_pb_text _builder_version=&#8221;4.14.7&#8243; _module_preset=&#8221;default&#8221; text_font=&#8221;Poppins||||||||&#8221; text_letter_spacing=&#8221;1px&#8221; text_line_height=&#8221;1.5em&#8221; header_3_font=&#8221;Poppins||||||||&#8221; header_3_text_color=&#8221;#868751&#8243; header_3_letter_spacing=&#8221;3px&#8221; hover_enabled=&#8221;0&#8243; global_colors_info=&#8221;{}&#8221; sticky_enabled=&#8221;0&#8243;]<\/p>\n<p><strong style=\"font-size: 14px;\">Vihannespunkkeja<\/strong><span style=\"font-size: 14px;\"> on eri lajeja, mutta kerrotaan niist\u00e4 t\u00e4ss\u00e4 yleistyksen vuoksi yhten\u00e4 joukkona. Vihannespunkit ovat hyvin pieni\u00e4 ja niist\u00e4 ei paljalla silm\u00e4ll\u00e4 kovin helposti erota rakenteita. Ne majailevat kasvien lehtien alapinnoilla, joissa kulkevat lehtien lehtisuonet ja kasvien sokeripitoinen neste, jota punkit k\u00e4ytt\u00e4v\u00e4t ravinnokseen. Vauriot eiv\u00e4t alkuvaiheessa n\u00e4y pikaisella vilkaisulla, vaan saattaa n\u00e4ytt\u00e4\u00e4 silt\u00e4, ett\u00e4 kasvi tiputtelee t\u00e4ysin hyv\u00e4kuntoisia lehti\u00e4. Lehtien alla sen sijaan voi n\u00e4hd\u00e4 tummia, p\u00f6lyhiukkasen kokoisia pisteit\u00e4, punkkeja. Punkit tekev\u00e4t my\u00f6s seitti\u00e4 ja kun seitti\u00e4 alkaa kasvissa n\u00e4ky\u00e4, punkki-invaasio on jo pitk\u00e4ll\u00e4.<\/span><\/p>\n<p>Punkit eiv\u00e4t pid\u00e4 korkeasta ilmankosteudesta ja niiden m\u00e4\u00e4r\u00e4 usein lis\u00e4\u00e4ntyykin nopeasti kuivien hellejaksojen ja talven pakkasten aikana, kun sis\u00e4ilman kosteus laskee. Ensiapuna punkkisen kasvin hoitoon on suihkuttaa kasvi kunnolla suihkussa, etenkin kaikki lehtien alapinnat. Punkkeja todenn\u00e4k\u00f6isesti silti j\u00e4\u00e4 kasviin ja suihkuttelua tulisikin tehd\u00e4 v\u00e4hint\u00e4\u00e4n kerran viikossa. <span style=\"text-decoration: line-through;\">Kasveja voi suihkuttaa my\u00f6s Carbon Kick Boosterilla, jonka sis\u00e4lt\u00e4m\u00e4 \u00f6ljy tukehduttaa punkit. Booster toimii my\u00f6s lehtilannoitteena ja parantaa kasvin yhteytt\u00e4miskyky\u00e4.<\/span> <em>(Valmistus lopetettu 2022 lopussa, saatavilla en\u00e4\u00e4 kauppojen vanhoja varastoja.) <\/em>Moni k\u00e4ytt\u00e4\u00e4 Neem-kasvista saatavaa <a href=\"https:\/\/verkkokauppa.vihertaimisto.fi\/tuotteet\/?q=neem\">\u00f6ljy\u00e4<\/a> samaan tarkoitukseen \u00f6t\u00f6k\u00f6iden torjuntaan. Molemmat n\u00e4ist\u00e4 ovat myrkytt\u00f6mi\u00e4 torjuntakeinoja. Booster sekoittuu veteen helpommin eik\u00e4 siin\u00e4 ole merkitt\u00e4v\u00e4\u00e4 tuoksua, neem-\u00f6ljy sen sijaan tuoksuu ja jotta sen saa sekoittumaan veteen, kannattaa lis\u00e4t\u00e4 sekaan pieni m\u00e4\u00e4r\u00e4 esim. m\u00e4ntysuopaa. Vihannespunkit ovat kiusanneet t\u00e4n\u00e4 talvena kotonamme asustelevaa sitruunapuuta, jota suihkutamme ja boostaamme viikoittain.<\/p>\n<p>[\/et_pb_text][\/et_pb_column][\/et_pb_row][et_pb_row column_structure=&#8221;1_2,1_2&#8243; _builder_version=&#8221;4.14.7&#8243; _module_preset=&#8221;default&#8221; custom_margin=&#8221;||0px||false|false&#8221; custom_padding=&#8221;||0px||false|false&#8221; global_colors_info=&#8221;{}&#8221;][et_pb_column type=&#8221;1_2&#8243; _builder_version=&#8221;4.14.7&#8243; _module_preset=&#8221;default&#8221; global_colors_info=&#8221;{}&#8221;][et_pb_text _builder_version=&#8221;4.14.7&#8243; _module_preset=&#8221;default&#8221; text_font=&#8221;Poppins||||||||&#8221; text_text_color=&#8221;#737167&#8243; text_letter_spacing=&#8221;1px&#8221; text_line_height=&#8221;1.5em&#8221; custom_margin=&#8221;||-1px||false|false&#8221; custom_padding=&#8221;||0px||false|false&#8221; global_colors_info=&#8221;{}&#8221;]<\/p>\n<p><strong>Harsos\u00e4\u00e4sket<\/strong> lentelev\u00e4t \u00e4rsytt\u00e4v\u00e4sti nen\u00e4\u00e4n ja ne lis\u00e4\u00e4ntyv\u00e4t kasvien kasvualustassa. Niist\u00e4 ei ole juurikaan vaaraa kasveille, vaikka \u00e4rsytt\u00e4vi\u00e4 ovatkin. Poikkeuksen tekev\u00e4t ihan pikkutaimet, joiden juuret voivat vaurioittua harsos\u00e4\u00e4sken toukkien takia. Harsos\u00e4\u00e4ski\u00e4 voi torjua keltaisilla liima-ansoilla ja laittamalla ruukkuun mullan p\u00e4\u00e4lle parin sentin kerroksen ruukkusoraa.<\/p>\n<p>Ehk\u00e4 pel\u00e4tyimpi\u00e4 viherkasvien tuholaisia ovat <strong>ripsi\u00e4iset<\/strong>. Aikuiset ripsi\u00e4iset ovat yleens\u00e4 tummia, parin millin kokoisia, lent\u00e4vi\u00e4 ja pitkulaisia hy\u00f6nteisi\u00e4. Toukat ovat vaaleita, hieman pienempi\u00e4 ja ne n\u00e4ytt\u00e4v\u00e4t lehden pinnalla usein p\u00f6lylt\u00e4. P\u00f6ly\u00e4 kannattaakin tarkkailla, sill\u00e4 jos hiukkaset liikkuvat, on suuri todenn\u00e4k\u00f6isyys ripsi\u00e4ispopulaatioon kasvissa. Ripsi\u00e4iset munivat kasvin solukon sis\u00e4\u00e4n ja siksi niist\u00e4 onkin usein hankala p\u00e4\u00e4st\u00e4 eroon. My\u00f6s ripsi\u00e4iset ruokailevat kasvin nesteill\u00e4 ja alkuvaiheessa saavat aikaan hopeanhohtoisia l\u00e4ikki\u00e4 lehtien alapinnoilla. T\u00e4ss\u00e4 vaiheessa kasvi on todenn\u00e4k\u00f6isesti jo kellastuttanut tai kellastuttamassa lehti\u00e4\u00e4n.<\/p>\n<p>Ensiapuna ripsi\u00e4isiinkin toimii pesu. Ja jos kasvia pesisi joka p\u00e4iv\u00e4, jossain vaiheessa kuoriutuvat toukat eiv\u00e4t en\u00e4\u00e4 kasva aikuisiksi, muni uusia munia ja n\u00e4in niist\u00e4kin p\u00e4\u00e4st\u00e4isiin eroon. Harvalla kuitenkaan on mahdollisuutta pest\u00e4 kasveja p\u00e4ivitt\u00e4in pitki\u00e4 ajanjaksoja putkeen.<\/p>\n<p>[\/et_pb_text][\/et_pb_column][et_pb_column type=&#8221;1_2&#8243; _builder_version=&#8221;4.14.7&#8243; _module_preset=&#8221;default&#8221; global_colors_info=&#8221;{}&#8221;][et_pb_image src=&#8221;https:\/\/vihertaimisto.fi\/wp-content\/uploads\/2022\/02\/neem.jpg&#8221; alt=&#8221;Neem-\u00f6ljy\u00e4 pullossa&#8221; title_text=&#8221;neem&#8221; _builder_version=&#8221;4.14.7&#8243; _module_preset=&#8221;default&#8221; custom_margin=&#8221;0px||0px||false|false&#8221; global_colors_info=&#8221;{}&#8221;][\/et_pb_image][\/et_pb_column][\/et_pb_row][et_pb_row _builder_version=&#8221;4.14.7&#8243; _module_preset=&#8221;default&#8221; custom_margin=&#8221;||-20px||false|false&#8221; global_colors_info=&#8221;{}&#8221;][et_pb_column type=&#8221;4_4&#8243; _builder_version=&#8221;4.14.7&#8243; _module_preset=&#8221;default&#8221; global_colors_info=&#8221;{}&#8221;][et_pb_text _builder_version=&#8221;4.14.7&#8243; _module_preset=&#8221;default&#8221; text_font=&#8221;Poppins||||||||&#8221; text_text_color=&#8221;#737167&#8243; text_letter_spacing=&#8221;1px&#8221; text_line_height=&#8221;1.5em&#8221; global_colors_info=&#8221;{}&#8221;]<\/p>\n<p>Me Vihertaimistolla halutaan v\u00e4ltt\u00e4\u00e4 hy\u00f6nteismyrkkyj\u00e4 ja siksi n\u00e4emmekin \u00f6t\u00f6kk\u00e4invaasioiden torjuntaan hieman vaivaa. T\u00e4m\u00e4 palkitsee lopulta. Joku on saattanut ehk\u00e4 n\u00e4hd\u00e4 paperipusseja riippumassa myym\u00e4l\u00e4ss\u00e4mme kasvien oksilla ja lehdill\u00e4. Pusseissa on rips\u00e4is<strong>petopunkkeja<\/strong>, jotka sy\u00f6v\u00e4t rips\u00e4isten munia ja toukkia. Pussit toimivat ennaltaehk\u00e4isyn\u00e4, jos jossain kasvissamme olisikin ripsi\u00e4isi\u00e4. Vaikka tarkastamme kaikki kasvimme, kun ne saapuvat meille ja teemme s\u00e4\u00e4nn\u00f6llisi\u00e4 syyn\u00e4yskierroksia, emme voi taata t\u00e4ydellist\u00e4 \u00f6t\u00f6k\u00e4tt\u00f6myytt\u00e4, eik\u00e4 sit\u00e4 voi taata kukaan muukaan kasvien kanssa toimiva. Petopunkit ovat hyv\u00e4 ratkaisu silloinkin, jos ripsi\u00e4isi\u00e4 jo n\u00e4kyisikin kasveissa. Silloin kannattaa k\u00e4ytt\u00e4\u00e4 isompaa m\u00e4\u00e4r\u00e4\u00e4 petopunkkeja ja helpottaa niiden ty\u00f6t\u00e4 pesem\u00e4ll\u00e4 kasvit ennen punkkien levityst\u00e4. Petopunkkeja voi ostaa my\u00f6s yksityinen ihminen t\u00e4\u00e4lt\u00e4: <a href=\"https:\/\/tarhurinapu.fi\/kauppa\/\" target=\"_blank\" rel=\"noopener\">Tarhurinapu<\/a>.<\/p>\n<p>Erilaisia petohy\u00f6nteisi\u00e4 voi k\u00e4ytt\u00e4\u00e4 my\u00f6s kirvoja ja vihannespunkkeja vastaan, ja meill\u00e4 n\u00e4m\u00e4 keinot otetaan ennaltaehk\u00e4isev\u00e4sti k\u00e4ytt\u00f6\u00f6n heti alkukes\u00e4ll\u00e4, kun kasvihuoneeseen tulee kasveja.<\/p>\n<p>Jos jonkun hy\u00f6nteismyrkyn k\u00e4ytt\u00f6 tuntuu paremmalta vaihtoehdolta kuin n\u00e4m\u00e4 hieman ty\u00f6l\u00e4\u00e4mm\u00e4t ja hankalammat keinot, niit\u00e4kin voi k\u00e4ytt\u00e4\u00e4 harkintaa ja varovaisuutta k\u00e4ytt\u00e4en. Hy\u00f6nteismyrkyt ovat eritt\u00e4in haitallisia mm. p\u00f6lytt\u00e4j\u00e4hy\u00f6nteisille ja vesieli\u00f6ille. Siksi k\u00e4ytt\u00f6 pit\u00e4isi tehd\u00e4 sis\u00e4tiloissa ja siten, ett\u00e4 myrkky\u00e4 ei p\u00e4\u00e4se esim. suihkuveden mukana valumaan viem\u00e4riverkostoon ja sielt\u00e4 vesist\u00f6ihin. Koskaan ei saa my\u00f6sk\u00e4\u00e4n myrkytt\u00e4\u00e4 varmuuden vuoksi. Ensin pit\u00e4\u00e4 selvitt\u00e4\u00e4, onko tuhohy\u00f6nteisi\u00e4 vai aiheuttaako ongelman esim. ravinnepuutos. Turha myrkytys kuormittaa ymp\u00e4rist\u00f6\u00e4 sek\u00e4 saa aikaan resistenssi\u00e4 eli vastustuskyvyn hy\u00f6nteisiss\u00e4. Kalifornianripsi\u00e4ist\u00e4 (vaalea ripsi\u00e4inen) on jo vaikea torjua myrkyill\u00e4, sill\u00e4 se on kehitt\u00e4nyt vastustuskyvyn niille.<\/p>\n<p>[\/et_pb_text][\/et_pb_column][\/et_pb_row][et_pb_row column_structure=&#8221;1_4,3_4&#8243; _builder_version=&#8221;4.14.7&#8243; _module_preset=&#8221;default&#8221; global_colors_info=&#8221;{}&#8221;][et_pb_column type=&#8221;1_4&#8243; _builder_version=&#8221;4.14.7&#8243; _module_preset=&#8221;default&#8221; global_colors_info=&#8221;{}&#8221;][et_pb_image src=&#8221;https:\/\/vihertaimisto.fi\/wp-content\/uploads\/2022\/02\/tuhohyonteisspray.jpg&#8221; alt=&#8221;Substral Tuhohy\u00f6nteisspray&#8221; title_text=&#8221;tuhohyonteisspray&#8221; _builder_version=&#8221;4.14.7&#8243; _module_preset=&#8221;default&#8221; global_colors_info=&#8221;{}&#8221;][\/et_pb_image][\/et_pb_column][et_pb_column type=&#8221;3_4&#8243; _builder_version=&#8221;4.14.7&#8243; _module_preset=&#8221;default&#8221; global_colors_info=&#8221;{}&#8221;][et_pb_text _builder_version=&#8221;4.14.7&#8243; _module_preset=&#8221;default&#8221; text_font=&#8221;Poppins||||||||&#8221; text_text_color=&#8221;#737167&#8243; text_letter_spacing=&#8221;1px&#8221; text_line_height=&#8221;1.5em&#8221; hover_enabled=&#8221;0&#8243; global_colors_info=&#8221;{}&#8221; sticky_enabled=&#8221;0&#8243;]<\/p>\n<p>Monessa sprayss\u00e4 on <strong>pyretriini\u00e4<\/strong> (kasviper\u00e4inen) tai <strong>pyretroideja<\/strong> (keinotekoinen), jotka tappavat hy\u00f6nteiset k\u00e4yt\u00e4nn\u00f6ss\u00e4 heti. Suihkutus kannattaa tehd\u00e4 illalla tai siirt\u00e4\u00e4 kasvi suihkutuksen j\u00e4lkeen pime\u00e4\u00e4n (ikkunaton kylpyhuone, j\u00e4tes\u00e4kki tms.), sill\u00e4 pyretriini ja pyretroidi hajoavat nopeasti valossa ja niiden vaikutus lakkaa turhan nopeasti. N\u00e4m\u00e4 <a href=\"https:\/\/verkkokauppa.vihertaimisto.fi\/tuotteet\/?q=pyretriini\">aineet<\/a> eiv\u00e4t vaikuta esim. ripsi\u00e4isen muniin, jotka ovat kasvin solukon sis\u00e4ll\u00e4 suojassa. Siksi n\u00e4it\u00e4 suihkeita pit\u00e4\u00e4kin k\u00e4ytt\u00e4\u00e4 toistuvasti, kunnes \u00f6t\u00f6k\u00f6ist\u00e4 on p\u00e4\u00e4sty eroon. Pyretriini\u00e4 ja pyretroideia sis\u00e4lt\u00e4vi\u00e4 valmisteita on useilla eri kauppanimill\u00e4 ja meid\u00e4nkin hyllyst\u00e4mme niit\u00e4 l\u00f6ytyy. Pyretriini ja pyretroidi eiv\u00e4t ole k\u00e4ytt\u00f6ohjeen mukaan k\u00e4ytettyn\u00e4 nykyisen tiedon valossa vaarallisia linnuille tai nis\u00e4kk\u00e4ille, paitsi kissoille. <strong>\u00c4l\u00e4 siis k\u00e4yt\u00e4 suihkeita, jos kotonasi on kissa<\/strong>, jota ei saa eristetyksi kasveista joksikin aikaa. (\u00c4l\u00e4 my\u00f6sk\u00e4\u00e4n k\u00e4yt\u00e4 koirien \u00f6t\u00f6kk\u00e4shampoota kissoille! Voi k\u00e4yd\u00e4 huonosti.)<\/p>\n<p>[\/et_pb_text][\/et_pb_column][\/et_pb_row][et_pb_row _builder_version=&#8221;4.14.7&#8243; _module_preset=&#8221;default&#8221; global_colors_info=&#8221;{}&#8221;][et_pb_column type=&#8221;4_4&#8243; _builder_version=&#8221;4.14.7&#8243; _module_preset=&#8221;default&#8221; global_colors_info=&#8221;{}&#8221;][et_pb_text _builder_version=&#8221;4.14.7&#8243; _module_preset=&#8221;default&#8221; text_font=&#8221;Poppins||||||||&#8221; text_text_color=&#8221;#737167&#8243; text_letter_spacing=&#8221;1px&#8221; text_line_height=&#8221;1.5em&#8221; custom_margin=&#8221;-25px||||false|false&#8221; hover_enabled=&#8221;0&#8243; global_colors_info=&#8221;{}&#8221; sticky_enabled=&#8221;0&#8243;]<\/p>\n<p>Toisentyyppisi\u00e4 hy\u00f6nteismyrkkyj\u00e4 ovat ns. <a href=\"https:\/\/verkkokauppa.vihertaimisto.fi\/tuotteet\/?q=systeeminen\"><strong>systeemiset aineet<\/strong><\/a>, jotka imeytyv\u00e4t kasvin solukkojen sis\u00e4lle ja vaikuttavat sielt\u00e4 k\u00e4sin hy\u00f6nteisiin. Kasvin sy\u00f6minen on siis haitallista \u00f6t\u00f6k\u00f6ille vaikka ne eiv\u00e4t siihen heti kuolekaan. Kuluttajak\u00e4ytt\u00f6\u00f6n sopivat aineet sis\u00e4lt\u00e4v\u00e4t neonikotinoideja, jotka saavat aikaan hermostovaikutuksen hy\u00f6nteisiss\u00e4, jolloin ne eiv\u00e4t pysty toimimaan ja kuolevat v\u00e4hitellen pois. Systeemist\u00e4 myrkky\u00e4 k\u00e4ytet\u00e4\u00e4n yleens\u00e4 vain kerran tai kaksi. Vaikutus kasvissa on pitk\u00e4aikainen. My\u00f6s systeemist\u00e4 myrkky\u00e4 l\u00f6yd\u00e4t meilt\u00e4 ainakin t\u00e4ll\u00e4 hetkell\u00e4 (saatavuudessa on ollut hankaluuksia).<\/p>\n<p>Koska tuholaisilta ei voi suojautua koskaan t\u00e4ysin, on kasviharrastajan hyv\u00e4 jo ennakkoon hieman suunnitella, miten toimii mahdollisen tuholaishy\u00f6kk\u00e4yksen sattuessa omalle kohdalle. Hyv\u00e4kuntoiset kasvit kest\u00e4v\u00e4t tuholaisia paremmin kuin huonokuntoiset ja siksi kannattaakin pit\u00e4\u00e4 kasvien kastelutasapainosta sek\u00e4 valo- ja ravinneolosuhteista huolta ennen kuin mit\u00e4\u00e4n ongelmia esiintyy.<\/p>\n<p>Tsemppi\u00e4 jokaiselle \u00f6t\u00f6k\u00f6iden kanssa sotiville! Autamme mielell\u00e4mme!<\/p>\n<p>(Kirjoittanut Riina)<\/p>\n<p>[\/et_pb_text][\/et_pb_column][\/et_pb_row][\/et_pb_section]<\/p>\n","protected":false},"excerpt":{"rendered":"<p>\u00d6t\u00f6k\u00f6it\u00e4, onko heit\u00e4? 15.2.2022 (p\u00e4ivitetty 11.6.2023) Viime kes\u00e4n\u00e4 ja sen j\u00e4lkeen moni on her\u00e4nnyt viherkasveja piinaavaan \u00f6t\u00f6kk\u00e4ongelmaan. My\u00f6s meill\u00e4 Vihertaimistolla p\u00e4\u00e4stiin &#8220;nauttimaan&#8221; ihanien tuholaisten seurasta. Kasvihuoneet ovat l\u00e4mm\u00f6n ja kosteuden puolesta aika ihanteellisia paikkoja tuholaisille ja taimisto-olosuhteissa kasveja saapuu monista paikoista kasvihuoneeseemme ja piha-alueelle. Meill\u00e4 my\u00f6s valtaosa kasveista kiert\u00e4\u00e4 sis\u00e4tilojen kautta asiakkaiden mukana, sill\u00e4 kassapisteemme [&hellip;]<\/p>\n","protected":false},"author":1,"featured_media":0,"parent":0,"menu_order":0,"comment_status":"closed","ping_status":"closed","template":"","meta":{"_et_pb_use_builder":"on","_et_pb_old_content":"","_et_gb_content_width":"","footnotes":""},"class_list":["post-582","page","type-page","status-publish","hentry"],"_links":{"self":[{"href":"https:\/\/vihertaimisto.fi\/index.php\/wp-json\/wp\/v2\/pages\/582","targetHints":{"allow":["GET"]}}],"collection":[{"href":"https:\/\/vihertaimisto.fi\/index.php\/wp-json\/wp\/v2\/pages"}],"about":[{"href":"https:\/\/vihertaimisto.fi\/index.php\/wp-json\/wp\/v2\/types\/page"}],"author":[{"embeddable":true,"href":"https:\/\/vihertaimisto.fi\/index.php\/wp-json\/wp\/v2\/users\/1"}],"replies":[{"embeddable":true,"href":"https:\/\/vihertaimisto.fi\/index.php\/wp-json\/wp\/v2\/comments?post=582"}],"version-history":[{"count":13,"href":"https:\/\/vihertaimisto.fi\/index.php\/wp-json\/wp\/v2\/pages\/582\/revisions"}],"predecessor-version":[{"id":951,"href":"https:\/\/vihertaimisto.fi\/index.php\/wp-json\/wp\/v2\/pages\/582\/revisions\/951"}],"wp:attachment":[{"href":"https:\/\/vihertaimisto.fi\/index.php\/wp-json\/wp\/v2\/media?parent=582"}],"curies":[{"name":"wp","href":"https:\/\/api.w.org\/{rel}","templated":true}]}}