{"id":661,"date":"2022-05-16T07:26:29","date_gmt":"2022-05-16T07:26:29","guid":{"rendered":"https:\/\/vihertaimisto.fi\/?page_id=661"},"modified":"2025-10-25T17:49:49","modified_gmt":"2025-10-25T17:49:49","slug":"palvelut","status":"publish","type":"page","link":"https:\/\/vihertaimisto.fi\/index.php\/palvelut\/","title":{"rendered":"Palvelut"},"content":{"rendered":"<p>[et_pb_section fb_built=&#8221;1&#8243; _builder_version=&#8221;4.14.7&#8243; _module_preset=&#8221;default&#8221; background_color=&#8221;#F3F2F5&#8243; custom_padding=&#8221;2vw|0px|3vw||false|false&#8221; global_colors_info=&#8221;{}&#8221;][et_pb_row _builder_version=&#8221;4.11.2&#8243; _module_preset=&#8221;default&#8221; custom_padding=&#8221;0px||2vw||false|false&#8221; global_colors_info=&#8221;{}&#8221;][et_pb_column type=&#8221;4_4&#8243; _builder_version=&#8221;4.11.2&#8243; _module_preset=&#8221;default&#8221; global_colors_info=&#8221;{}&#8221;][et_pb_text _builder_version=&#8221;4.14.7&#8243; _module_preset=&#8221;default&#8221; text_font=&#8221;Poppins||||||||&#8221; text_letter_spacing=&#8221;1px&#8221; text_line_height=&#8221;1.5em&#8221; header_3_font=&#8221;Poppins|||on|||||&#8221; header_3_text_color=&#8221;#868751&#8243; header_3_letter_spacing=&#8221;2px&#8221; hover_enabled=&#8221;0&#8243; global_colors_info=&#8221;{}&#8221; sticky_enabled=&#8221;0&#8243;]<\/p>\n<h3><\/h3>\n<h3>Palvelumme kuluttajille<\/h3>\n<p>&nbsp;<\/p>\n<p>Teemme kuluttaja-asiakkaillemme esim. hedelm\u00e4puiden leikkauksia, ruukkuistutuksia ja pihakatselmuksia. Toistaiseksi meill\u00e4 ei ole piharakennuspalvelua.<\/p>\n<p>Veloitus 52 \u20ac\/h sis. alv 25,5 %<\/p>\n<p>V\u00e4himm\u00e4isveloitus asiakkaan kohteeseen tullessamme on yksi tunti. Ensimm\u00e4isen tunnin j\u00e4lkeen laskutus on alkavalta 15 minuutilta. T\u00e4h\u00e4n sis\u00e4ltyy my\u00f6s matkat l\u00e4hialueellamme (n. 10 km myym\u00e4l\u00e4st\u00e4mme). Kauemmaksi matkatessamme veloitetaan my\u00f6s matkakulut. Pyrimme yhdistelem\u00e4\u00e4n kulkemisiamme, jotta t\u00e4t\u00e4 kustannusta saataisiin asiakkaalle j\u00e4rkev\u00e4ksi. Ota yhteytt\u00e4, niin selvitet\u00e4\u00e4n tarkempi hinta, jos pihasi sijaitsee kaukana meist\u00e4. Asiakirjakulu laskusta on 2,50\/lasku. Maksaa voi my\u00f6s korttimaksuna, jolloin asiakirjakulua ei tule.<\/p>\n<p>V\u00e4himm\u00e4isveloitus myym\u00e4l\u00e4ss\u00e4mme tehdyst\u00e4 ty\u00f6st\u00e4 on 15 minuuttia.<\/p>\n<p>[\/et_pb_text][\/et_pb_column][\/et_pb_row][et_pb_row _builder_version=&#8221;4.11.2&#8243; _module_preset=&#8221;default&#8221; custom_padding=&#8221;0px||2vw||false|false&#8221; global_colors_info=&#8221;{}&#8221;][et_pb_column type=&#8221;4_4&#8243; _builder_version=&#8221;4.11.2&#8243; _module_preset=&#8221;default&#8221; global_colors_info=&#8221;{}&#8221;][et_pb_text _builder_version=&#8221;4.14.7&#8243; _module_preset=&#8221;default&#8221; text_font=&#8221;Poppins||||||||&#8221; text_letter_spacing=&#8221;1px&#8221; text_line_height=&#8221;1.5em&#8221; header_3_font=&#8221;Poppins|||on|||||&#8221; header_3_text_color=&#8221;#868751&#8243; header_3_letter_spacing=&#8221;2px&#8221; hover_enabled=&#8221;0&#8243; global_colors_info=&#8221;{}&#8221; sticky_enabled=&#8221;0&#8243;]<\/p>\n<h3><\/h3>\n<h3>Palvelumme yrityksille<\/h3>\n<p>&nbsp;<\/p>\n<p>Teemme yrityksille esim. kausikukkaistutuksia, viherkasvisuunnittelua, -istutuksia ja viherkasvien hoitoa asiakkaan kohteessa. Kauttamme on mahdollista hankkia my\u00f6s isokokoisia kasveja suurten tilojen sisustukseen. Ota yhteytt\u00e4 s\u00e4hk\u00f6postitse, niin tuumataan yhdess\u00e4 kasviasiat mallilleen!<\/p>\n<p>Veloitus suunnittelusta, istutusty\u00f6st\u00e4 tms. 52 \u20ac\/h, sis. alv 25,5 %.<\/p>\n<p>V\u00e4himm\u00e4isveloitus asiakkaan kohteeseen tullessamme on yksi tunti. Ensimm\u00e4isen tunnin j\u00e4lkeen laskutus on alkavalta 15 minuutilta. T\u00e4h\u00e4n sis\u00e4ltyy my\u00f6s matkat l\u00e4hialueellamme (n. 10 km myym\u00e4l\u00e4st\u00e4mme). Kauemmaksi matkatessamme veloitetaan my\u00f6s matkakulut. Pyrimme yhdistelem\u00e4\u00e4n kulkemisiamme, jotta t\u00e4t\u00e4 kustannusta saataisiin asiakkaalle j\u00e4rkev\u00e4ksi. Asiakirjakulu laskusta on 2,50\/lasku sis. alv 25,5 %.<\/p>\n<p>[\/et_pb_text][\/et_pb_column][\/et_pb_row][et_pb_row column_structure=&#8221;1_2,1_2&#8243; _builder_version=&#8221;4.14.7&#8243; _module_preset=&#8221;default&#8221; global_colors_info=&#8221;{}&#8221;][et_pb_column type=&#8221;1_2&#8243; _builder_version=&#8221;4.14.7&#8243; _module_preset=&#8221;default&#8221; global_colors_info=&#8221;{}&#8221;][\/et_pb_column][et_pb_column type=&#8221;1_2&#8243; _builder_version=&#8221;4.14.7&#8243; _module_preset=&#8221;default&#8221; global_colors_info=&#8221;{}&#8221;][et_pb_text _builder_version=&#8221;4.14.7&#8243; _module_preset=&#8221;default&#8221; global_colors_info=&#8221;{}&#8221;]<\/p>\n<p>&nbsp;<\/p>\n<p>&nbsp;<\/p>\n<p>[\/et_pb_text][\/et_pb_column][\/et_pb_row][\/et_pb_section]<\/p>\n","protected":false},"excerpt":{"rendered":"<p>Palvelumme kuluttajille &nbsp; Teemme kuluttaja-asiakkaillemme esim. hedelm\u00e4puiden leikkauksia, ruukkuistutuksia ja pihakatselmuksia. Toistaiseksi meill\u00e4 ei ole piharakennuspalvelua. Veloitus 52 \u20ac\/h sis. alv 25,5 % V\u00e4himm\u00e4isveloitus asiakkaan kohteeseen tullessamme on yksi tunti. Ensimm\u00e4isen tunnin j\u00e4lkeen laskutus on alkavalta 15 minuutilta. T\u00e4h\u00e4n sis\u00e4ltyy my\u00f6s matkat l\u00e4hialueellamme (n. 10 km myym\u00e4l\u00e4st\u00e4mme). Kauemmaksi matkatessamme veloitetaan my\u00f6s matkakulut. Pyrimme yhdistelem\u00e4\u00e4n kulkemisiamme, [&hellip;]<\/p>\n","protected":false},"author":1,"featured_media":0,"parent":0,"menu_order":0,"comment_status":"closed","ping_status":"closed","template":"","meta":{"_et_pb_use_builder":"on","_et_pb_old_content":"","_et_gb_content_width":"","footnotes":""},"class_list":["post-661","page","type-page","status-publish","hentry"],"_links":{"self":[{"href":"https:\/\/vihertaimisto.fi\/index.php\/wp-json\/wp\/v2\/pages\/661","targetHints":{"allow":["GET"]}}],"collection":[{"href":"https:\/\/vihertaimisto.fi\/index.php\/wp-json\/wp\/v2\/pages"}],"about":[{"href":"https:\/\/vihertaimisto.fi\/index.php\/wp-json\/wp\/v2\/types\/page"}],"author":[{"embeddable":true,"href":"https:\/\/vihertaimisto.fi\/index.php\/wp-json\/wp\/v2\/users\/1"}],"replies":[{"embeddable":true,"href":"https:\/\/vihertaimisto.fi\/index.php\/wp-json\/wp\/v2\/comments?post=661"}],"version-history":[{"count":11,"href":"https:\/\/vihertaimisto.fi\/index.php\/wp-json\/wp\/v2\/pages\/661\/revisions"}],"predecessor-version":[{"id":1395,"href":"https:\/\/vihertaimisto.fi\/index.php\/wp-json\/wp\/v2\/pages\/661\/revisions\/1395"}],"wp:attachment":[{"href":"https:\/\/vihertaimisto.fi\/index.php\/wp-json\/wp\/v2\/media?parent=661"}],"curies":[{"name":"wp","href":"https:\/\/api.w.org\/{rel}","templated":true}]}}