{"id":917,"date":"2023-05-30T19:21:58","date_gmt":"2023-05-30T19:21:58","guid":{"rendered":"https:\/\/vihertaimisto.fi\/?page_id=917"},"modified":"2023-05-30T19:38:09","modified_gmt":"2023-05-30T19:38:09","slug":"puutarhakasvien_istuttaminen","status":"publish","type":"page","link":"https:\/\/vihertaimisto.fi\/index.php\/puutarhakasvien_istuttaminen\/","title":{"rendered":"Puutarhakasvien istuttaminen"},"content":{"rendered":"<p>[et_pb_section fb_built=&#8221;1&#8243; _builder_version=&#8221;4.11.2&#8243; _module_preset=&#8221;default&#8221; background_color=&#8221;#F3F2F5&#8243; custom_padding=&#8221;3vw||3vw||false|false&#8221; global_colors_info=&#8221;{}&#8221;][et_pb_row column_structure=&#8221;3_5,2_5&#8243; _builder_version=&#8221;4.14.7&#8243; _module_preset=&#8221;default&#8221; custom_margin=&#8221;||7px||false|false&#8221; custom_padding=&#8221;0px||0vw||false|false&#8221; global_colors_info=&#8221;{}&#8221;][et_pb_column type=&#8221;3_5&#8243; _builder_version=&#8221;4.11.2&#8243; _module_preset=&#8221;default&#8221; global_colors_info=&#8221;{}&#8221;][et_pb_text _builder_version=&#8221;4.14.7&#8243; _module_preset=&#8221;default&#8221; text_font=&#8221;Poppins||||||||&#8221; text_letter_spacing=&#8221;1px&#8221; text_line_height=&#8221;1.5em&#8221; header_font=&#8221;Poppins|||on|||||&#8221; header_text_color=&#8221;#868751&#8243; header_font_size=&#8221;24px&#8221; header_letter_spacing=&#8221;3px&#8221; header_2_font=&#8221;Poppins|||on|||||&#8221; header_2_text_color=&#8221;#868751&#8243; header_2_font_size=&#8221;20px&#8221; header_2_letter_spacing=&#8221;3px&#8221; header_3_font=&#8221;Poppins||||||||&#8221; header_3_text_color=&#8221;#868751&#8243; header_3_letter_spacing=&#8221;3px&#8221; custom_margin=&#8221;||0px||false|false&#8221; global_colors_info=&#8221;{}&#8221;]<\/p>\n<h1>Istuttamisen ABC \u2013 ja v\u00e4h\u00e4n p\u00e4\u00e4lle<\/h1>\n<p>30.5.2023<\/p>\n<p>Kev\u00e4isin moneen puutarhaihmiseen iskee puutarhahulluus. Se alkaa usein suunnitelmien teolla, kasvilistojen selailulla ja s\u00e4iden l\u00e4mpenemisen odottelulla. Saattaapa joku pahimpaan viherkaipuuseen hamstrata kotiinsa viherkasvejakin, vaikka on itselleen luvannut, ettei niit\u00e4 tarvita yht\u00e4\u00e4n lis\u00e4\u00e4. V\u00e4ist\u00e4m\u00e4tt\u00e4 jossain vaiheessa tulee my\u00f6s aika, kun p\u00e4\u00e4see ty\u00f6nt\u00e4m\u00e4\u00e4n lapion (ja k\u00e4det) multaan ja toteuttamaan talven ja kev\u00e4\u00e4n aikana tehtyj\u00e4 suunnitelmia.<\/p>\n<p>&nbsp;<\/p>\n<h2>Miten istutetaan kasvi?<\/h2>\n<p>&nbsp;<\/p>\n<p>Auton takakontti on t\u00e4ynn\u00e4 <a href=\"https:\/\/verkkokauppa.vihertaimisto.fi\/havut\">havuja<\/a>, <a href=\"https:\/\/verkkokauppa.vihertaimisto.fi\/lehtipuut-ja-pensaat\">lehtikasveja<\/a> ja <a href=\"https:\/\/verkkokauppa.vihertaimisto.fi\/perennat\">perennoja<\/a>. Mit\u00e4s niille pitik\u00e4\u00e4n tehd\u00e4? Olet ostanut jollakin summalla kasveja ja toivottavaa on, ett\u00e4 ne viihtyisiv\u00e4t pihalla ja alkaisivat kasvaa.<\/p>\n<p>[\/et_pb_text][\/et_pb_column][et_pb_column type=&#8221;2_5&#8243; _builder_version=&#8221;4.11.2&#8243; _module_preset=&#8221;default&#8221; global_colors_info=&#8221;{}&#8221;][et_pb_image src=&#8221;https:\/\/vihertaimisto.fi\/wp-content\/uploads\/2023\/05\/puun_istutus.jpg&#8221; alt=&#8221;Puutarhaty\u00f6kaluja&#8221; title_text=&#8221;puun_istutus&#8221; _builder_version=&#8221;4.14.7&#8243; _module_preset=&#8221;default&#8221; width=&#8221;100%&#8221; custom_margin=&#8221;||0px||false|false&#8221; custom_padding=&#8221;0px|0px|0px|0px|true|true&#8221; global_colors_info=&#8221;{}&#8221;][\/et_pb_image][\/et_pb_column][\/et_pb_row][et_pb_row column_structure=&#8221;1_3,2_3&#8243; _builder_version=&#8221;4.14.7&#8243; _module_preset=&#8221;default&#8221; global_colors_info=&#8221;{}&#8221;][et_pb_column type=&#8221;1_3&#8243; _builder_version=&#8221;4.14.7&#8243; _module_preset=&#8221;default&#8221; global_colors_info=&#8221;{}&#8221;][et_pb_image src=&#8221;https:\/\/vihertaimisto.fi\/wp-content\/uploads\/2023\/05\/kuopan_kaivaminen.jpg&#8221; alt=&#8221;Millainen kuoppa kasville&#8221; title_text=&#8221;kuopan_kaivaminen&#8221; _builder_version=&#8221;4.14.7&#8243; _module_preset=&#8221;default&#8221; custom_margin=&#8221;15px||||false|false&#8221; global_colors_info=&#8221;{}&#8221;][\/et_pb_image][\/et_pb_column][et_pb_column type=&#8221;2_3&#8243; _builder_version=&#8221;4.14.7&#8243; _module_preset=&#8221;default&#8221; global_colors_info=&#8221;{}&#8221;][et_pb_text _builder_version=&#8221;4.14.7&#8243; _module_preset=&#8221;default&#8221; text_font=&#8221;Poppins||||||||&#8221; text_text_color=&#8221;#737167&#8243; text_letter_spacing=&#8221;1px&#8221; text_line_height=&#8221;1.5em&#8221; custom_margin=&#8221;10px||||false|false&#8221; global_colors_info=&#8221;{}&#8221;]<\/p>\n<p><strong>1. Paikan valinta:<\/strong> laita varjopaikan kasvit varjoiseen pihamaan kolkkaan ja auringonpalvojat sinne, mihin aurinko paistaa eniten. Kysy kasvien ostopaikasta neuvoa sopivan paikan valitsemiseen.<\/p>\n<p><strong>2. Riitt\u00e4v\u00e4 kuoppa:<\/strong> istutuskuopan syvyyden tulee olla v\u00e4hint\u00e4\u00e4n kaksinkertainen istutettavan kasvin ruukun syvyyteen ja leveyteen verrattuna. Isommilla puilla t\u00e4m\u00e4 voi tarkoittaa metrin syvyist\u00e4 ja levyist\u00e4 kuoppaa. Kuoppa kannattaa kastella l\u00e4pim\u00e4r\u00e4ksi ennen kasvin istuttamista. N\u00e4in vett\u00e4 on tarjolla syvemm\u00e4ll\u00e4 ja kasvin juuret hakeutuvat oikeaan suuntaan (alasp\u00e4in).<\/p>\n<p><strong>3. Hyv\u00e4 kasvualusta:<\/strong> mit\u00e4 suurempi kasvi on t\u00e4ysikokoisena, sen syvempi multakerros tarvitaan. M\u00f6yhenn\u00e4 ja paranna maata lis\u00e4\u00e4m\u00e4ll\u00e4 sinne eloper\u00e4ist\u00e4 ainesta (puutarhamultaa, kompostia, lehtikariketta), jotta kasvien juuret p\u00e4\u00e4sev\u00e4t kasvamaan tehokkaasti. Havut (p\u00e4\u00e4asiassa katajat ja m\u00e4nnyt), alppiruusut, atsaleat ja hortensiat sek\u00e4 muutamat muut tarvitsevat happaman kasvualustan. K\u00e4yt\u00e4 niille siis hapanta multaa. Isolle puulle multaa saattaa tarvita useamman s\u00e4kin.<\/p>\n<p>[\/et_pb_text][\/et_pb_column][\/et_pb_row][et_pb_row _builder_version=&#8221;4.14.7&#8243; _module_preset=&#8221;default&#8221; custom_margin=&#8221;||0px||false|false&#8221; custom_padding=&#8221;||0px||false|false&#8221; global_colors_info=&#8221;{}&#8221;][et_pb_column type=&#8221;4_4&#8243; _builder_version=&#8221;4.14.7&#8243; _module_preset=&#8221;default&#8221; global_colors_info=&#8221;{}&#8221;][et_pb_text _builder_version=&#8221;4.14.7&#8243; _module_preset=&#8221;default&#8221; text_font=&#8221;Poppins||||||||&#8221; text_text_color=&#8221;#737167&#8243; text_letter_spacing=&#8221;1px&#8221; text_line_height=&#8221;1.5em&#8221; custom_margin=&#8221;||-1px||false|false&#8221; custom_padding=&#8221;||0px||false|false&#8221; global_colors_info=&#8221;{}&#8221;]<\/p>\n<p><strong>4. Kuopan t\u00e4ytt\u00e4minen:<\/strong> kuoppaa t\u00e4ytet\u00e4\u00e4n uudella mullalla ennen kuin kasvi asetetaan kuoppaan. Oikeaa t\u00e4ytt\u00f6m\u00e4\u00e4r\u00e4\u00e4 kannattaa testata. Kun kasvin asettaa kuopan pohjalle, uuden mullan p\u00e4\u00e4lle, juuripaakun yl\u00e4reuna on aavistuksen verran (pari sentti\u00e4) maanpinnan tason yl\u00e4puolella. \u00c4l\u00e4 siis istuta kasvia syvemm\u00e4lle kuin se on kaupasta ostetussa ruukussa ollut. Etenkin puuvartisten kasvien kanssa t\u00e4m\u00e4 on t\u00e4rke\u00e4\u00e4. Puun kuori ei ole tarkoitettu olemaan maan alla. Kuori alkaa lahota ja sen seurauksena puu kituu ja kuolee todenn\u00e4k\u00f6isesti vuosien saatossa. Poikkeuksia ovat jotkin ruusut ja k\u00f6ynn\u00f6kset, jotka istutetaan syvemm\u00e4lle kuin ne ovat istutusruukussa olleet. Perennat eiv\u00e4t ole niin herkki\u00e4 liian syv\u00e4\u00e4n istuttamiselle, mutta esim. pioni ei kuki, jos se on istutettu liian syv\u00e4lle. Kun kasvi on oikeassa syvyydess\u00e4, ota kasvin muoviruukku pois (ellet ottanut jo aiemmin), aseta kasvi kuoppaan ja t\u00e4yt\u00e4 kuopan reunat mullalla. Tiivist\u00e4 multaa, mutta \u00e4l\u00e4 tallo voimakkaasti, sill\u00e4 muutoin juuret voivat vahingoittua. Lis\u00e4\u00e4 multaa my\u00f6s maanpinnan p\u00e4\u00e4lle siten, ett\u00e4 juuripaakku ei j\u00e4\u00e4 n\u00e4kyviin. Liev\u00e4\u00e4n kumpuun istuttaminen parantaa yleens\u00e4 kasvien talvenkest\u00e4vyytt\u00e4, kun vesi ei j\u00e4\u00e4 lammikoitumaan ja j\u00e4\u00e4tym\u00e4\u00e4n juurien ymp\u00e4rille.<\/p>\n<p><strong>5. Puun tukeminen:<\/strong> jos istutit puun, nyt on aika tukea se. Tukemiseen tarvitaan yksi \u2013 nelj\u00e4 tukitolppaa, jotka voivat olla esim. aitatolppia tai muita tukevia keppej\u00e4. Pienelle puulle riitt\u00e4\u00e4 yksi, isokokoinen saattaa tarvita nelj\u00e4kin tolppaa. Tolpat upotetaan maahan puun l\u00e4helle ja tarvittaessa ne katkaistaan sen pituisiksi, ett\u00e4 ne eiv\u00e4t yll\u00e4 puun latvuksen sis\u00e4lle. Sopiva et\u00e4isyys on n. 30 \u2013 70 cm rungosta, hieman puun latvuksen koosta riippuen. Tolppaa ei saa painaa juuripaakun l\u00e4pi. Puun runko sidotaan venym\u00e4tt\u00f6m\u00e4ll\u00e4, litte\u00e4ll\u00e4 sidoksella, esim. <a href=\"https:\/\/verkkokauppa.vihertaimisto.fi\/tervanaru-1\">tervanauhalla<\/a> latvuksen alapuolelta. Sidokset tarkistetaan mieluusti pari kertaa kasvukaudessa ja niit\u00e4 l\u00f6ys\u00e4t\u00e4\u00e4n tarvittaessa, jotta sidos ei pureudu rungon sis\u00e4\u00e4n. Tukitolpat pit\u00e4v\u00e4t juuripaakun paikallaan, jotta juurtuminen voi alkaa. Jos juuripaakku p\u00e4\u00e4see heilumaan tuulen takia, uudet juuret eiv\u00e4t p\u00e4\u00e4se kehittym\u00e4\u00e4n, kasvu ei voi alkaa ja puu saattaa k\u00e4rsi\u00e4 kuivuudesta.<\/p>\n<p>[\/et_pb_text][\/et_pb_column][\/et_pb_row][et_pb_row column_structure=&#8221;3_4,1_4&#8243; _builder_version=&#8221;4.14.7&#8243; _module_preset=&#8221;default&#8221; global_colors_info=&#8221;{}&#8221;][et_pb_column type=&#8221;3_4&#8243; _builder_version=&#8221;4.14.7&#8243; _module_preset=&#8221;default&#8221; global_colors_info=&#8221;{}&#8221;][et_pb_text _builder_version=&#8221;4.14.7&#8243; _module_preset=&#8221;default&#8221; text_font=&#8221;Poppins||||||||&#8221; text_text_color=&#8221;#737167&#8243; text_letter_spacing=&#8221;1px&#8221; text_line_height=&#8221;1.5em&#8221; hover_enabled=&#8221;0&#8243; global_colors_info=&#8221;{}&#8221; sticky_enabled=&#8221;0&#8243;]<\/p>\n<p><strong>6. Kastelu:<\/strong> kastele istuttamiasi kasveja ainakin ensimm\u00e4isen kasvukauden ajan. On parempi kastella kerran tai pari viikossa kunnolla kuin v\u00e4h\u00e4n joka p\u00e4iv\u00e4. K\u00e4den voi ty\u00f6nt\u00e4\u00e4 multaan ja kokeilla, onko multa kosteaa syvemm\u00e4lt\u00e4. Jos kosteutta on vain pinnalla, kasvi kasvattaa juuret pintaan ja kuivina aikoina tarvitsee tulevaisuudessakin jatkuvaa kastelua. Kun kastelulla vesi saadaan syv\u00e4lle, juuret hakeutuvat my\u00f6s sinne, jolloin kuivina aikoina kasvit voivat k\u00e4ytt\u00e4\u00e4 syvemm\u00e4ll\u00e4 olevia vesivarastoja ja puutarhurin ty\u00f6 helpottuu.<\/p>\n<p><strong>7. Odotus:<\/strong> kasvit kasvattavat yleens\u00e4 ensin juuria ja vasta sitten maanp\u00e4\u00e4llisi\u00e4 osia. Odota siis rauhassa kasvua. Perennat kukoistavat yleens\u00e4 vasta seuraavana kasvukautena (jos olet tehnyt aiemmat kohdat oikein) ja puut ja pensaat sen j\u00e4lkeen, kun ne ovat ensin kunnolla juurtuneet. T\u00e4h\u00e4n voi menn\u00e4 muutamakin vuosi.<\/p>\n<p>[\/et_pb_text][\/et_pb_column][et_pb_column type=&#8221;1_4&#8243; _builder_version=&#8221;4.14.7&#8243; _module_preset=&#8221;default&#8221; global_colors_info=&#8221;{}&#8221;][et_pb_image src=&#8221;https:\/\/vihertaimisto.fi\/wp-content\/uploads\/2023\/05\/puun_kastelu.jpg&#8221; alt=&#8221;Kaada vett\u00e4 kastelukannulla&#8221; title_text=&#8221;puun_kastelu&#8221; _builder_version=&#8221;4.14.7&#8243; _module_preset=&#8221;default&#8221; global_colors_info=&#8221;{}&#8221;][\/et_pb_image][\/et_pb_column][\/et_pb_row][et_pb_row _builder_version=&#8221;4.14.7&#8243; _module_preset=&#8221;default&#8221; global_colors_info=&#8221;{}&#8221;][et_pb_column type=&#8221;4_4&#8243; _builder_version=&#8221;4.14.7&#8243; _module_preset=&#8221;default&#8221; global_colors_info=&#8221;{}&#8221;][et_pb_text _builder_version=&#8221;4.14.7&#8243; _module_preset=&#8221;default&#8221; text_font=&#8221;Poppins||||||||&#8221; text_text_color=&#8221;#737167&#8243; text_letter_spacing=&#8221;1px&#8221; text_line_height=&#8221;1.5em&#8221; custom_margin=&#8221;-25px||||false|false&#8221; global_colors_info=&#8221;{}&#8221;]<\/p>\n<p>Kasvien kanssa puuhastelu muuten laskee verenpainetta ja v\u00e4hent\u00e4\u00e4 elimist\u00f6n stressihormoneja. Ja jotta my\u00f6hempi\u00e4k\u00e4\u00e4n syd\u00e4mentykytyksi\u00e4 kasvien takia ei ilmaantuisi, kannattaa aikaa ja vaivaa k\u00e4ytt\u00e4\u00e4 istutusvaiheessa. N\u00e4in kaikki on my\u00f6hemmin helpompaa.<\/p>\n<p>(Kirjoittanut Riina)<\/p>\n<p>[\/et_pb_text][\/et_pb_column][\/et_pb_row][\/et_pb_section]<\/p>\n","protected":false},"excerpt":{"rendered":"<p>Istuttamisen ABC \u2013 ja v\u00e4h\u00e4n p\u00e4\u00e4lle 30.5.2023 Kev\u00e4isin moneen puutarhaihmiseen iskee puutarhahulluus. Se alkaa usein suunnitelmien teolla, kasvilistojen selailulla ja s\u00e4iden l\u00e4mpenemisen odottelulla. Saattaapa joku pahimpaan viherkaipuuseen hamstrata kotiinsa viherkasvejakin, vaikka on itselleen luvannut, ettei niit\u00e4 tarvita yht\u00e4\u00e4n lis\u00e4\u00e4. V\u00e4ist\u00e4m\u00e4tt\u00e4 jossain vaiheessa tulee my\u00f6s aika, kun p\u00e4\u00e4see ty\u00f6nt\u00e4m\u00e4\u00e4n lapion (ja k\u00e4det) multaan ja toteuttamaan talven [&hellip;]<\/p>\n","protected":false},"author":1,"featured_media":0,"parent":0,"menu_order":0,"comment_status":"closed","ping_status":"closed","template":"","meta":{"_et_pb_use_builder":"on","_et_pb_old_content":"","_et_gb_content_width":"","footnotes":""},"class_list":["post-917","page","type-page","status-publish","hentry"],"_links":{"self":[{"href":"https:\/\/vihertaimisto.fi\/index.php\/wp-json\/wp\/v2\/pages\/917","targetHints":{"allow":["GET"]}}],"collection":[{"href":"https:\/\/vihertaimisto.fi\/index.php\/wp-json\/wp\/v2\/pages"}],"about":[{"href":"https:\/\/vihertaimisto.fi\/index.php\/wp-json\/wp\/v2\/types\/page"}],"author":[{"embeddable":true,"href":"https:\/\/vihertaimisto.fi\/index.php\/wp-json\/wp\/v2\/users\/1"}],"replies":[{"embeddable":true,"href":"https:\/\/vihertaimisto.fi\/index.php\/wp-json\/wp\/v2\/comments?post=917"}],"version-history":[{"count":7,"href":"https:\/\/vihertaimisto.fi\/index.php\/wp-json\/wp\/v2\/pages\/917\/revisions"}],"predecessor-version":[{"id":931,"href":"https:\/\/vihertaimisto.fi\/index.php\/wp-json\/wp\/v2\/pages\/917\/revisions\/931"}],"wp:attachment":[{"href":"https:\/\/vihertaimisto.fi\/index.php\/wp-json\/wp\/v2\/media?parent=917"}],"curies":[{"name":"wp","href":"https:\/\/api.w.org\/{rel}","templated":true}]}}