{"id":972,"date":"2023-07-18T10:35:13","date_gmt":"2023-07-18T10:35:13","guid":{"rendered":"https:\/\/vihertaimisto.fi\/?page_id=972"},"modified":"2023-07-18T11:35:58","modified_gmt":"2023-07-18T11:35:58","slug":"pionit","status":"publish","type":"page","link":"https:\/\/vihertaimisto.fi\/index.php\/pionit\/","title":{"rendered":"pionit"},"content":{"rendered":"<p>[et_pb_section fb_built=&#8221;1&#8243; _builder_version=&#8221;4.11.2&#8243; _module_preset=&#8221;default&#8221; background_color=&#8221;#F3F2F5&#8243; custom_padding=&#8221;3vw||3vw||false|false&#8221; global_colors_info=&#8221;{}&#8221;][et_pb_row column_structure=&#8221;3_5,2_5&#8243; _builder_version=&#8221;4.14.7&#8243; _module_preset=&#8221;default&#8221; custom_margin=&#8221;||7px||false|false&#8221; custom_padding=&#8221;0px||0vw||false|false&#8221; global_colors_info=&#8221;{}&#8221;][et_pb_column type=&#8221;3_5&#8243; _builder_version=&#8221;4.11.2&#8243; _module_preset=&#8221;default&#8221; global_colors_info=&#8221;{}&#8221;][et_pb_text _builder_version=&#8221;4.14.7&#8243; _module_preset=&#8221;default&#8221; text_font=&#8221;Poppins||||||||&#8221; text_letter_spacing=&#8221;1px&#8221; text_line_height=&#8221;1.5em&#8221; header_font=&#8221;Poppins|||on|||||&#8221; header_text_color=&#8221;#868751&#8243; header_font_size=&#8221;24px&#8221; header_letter_spacing=&#8221;3px&#8221; header_2_font=&#8221;Poppins|||on|||||&#8221; header_2_text_color=&#8221;#868751&#8243; header_2_font_size=&#8221;20px&#8221; header_2_letter_spacing=&#8221;3px&#8221; header_3_font=&#8221;Poppins||||||||&#8221; header_3_text_color=&#8221;#868751&#8243; header_3_letter_spacing=&#8221;3px&#8221; custom_margin=&#8221;||0px||false|false&#8221; hover_enabled=&#8221;0&#8243; global_colors_info=&#8221;{}&#8221; sticky_enabled=&#8221;0&#8243;]<\/p>\n<h1>Puhuttaisko pioneista?<\/h1>\n<p>18.7.2023<\/p>\n<p>Pioni on monen mielest\u00e4 puutarhan kuningatar ja ihan syyst\u00e4. Suuret, kerrotut tai yksinkertaiset kukat sopivat niin perinteiseen kuin moderniinkiin istutukseen. Pionit ovat perennoja, mutta niiden istutuksessa ja hoidossa on muutama asia, jotka hieman eroavat muista perennoista (ainakin suurimmasta osasta).<\/p>\n<h2><\/h2>\n<h2>Mit\u00e4 eroa on pionilla ja pionilla?<\/h2>\n<p>Pioneja on erilaisia ja ne voidaankin jakaa muutamaan ryhm\u00e4\u00e4n.<\/p>\n<p><strong>Luonnonlajit<\/strong>, esim. <a href=\"https:\/\/verkkokauppa.vihertaimisto.fi\/paeonia-anomala-kuolanpioni\" target=\"_blank\" rel=\"noopener\">kuolanpioni<\/a> ovat hyvin kest\u00e4vi\u00e4 ja menestyv\u00e4t oikeissa olosuhteissa ihan Lappia my\u00f6ten. Kuolanpioni kukkii kev\u00e4\u00e4ll\u00e4 yleens\u00e4 ennen jalostetumpia pioneita ja sen kukka on yksinkertainen (kuten muidenkin luonnonlajien).<\/p>\n<p><a href=\"https:\/\/verkkokauppa.vihertaimisto.fi\/tarhapionit\" target=\"_blank\" rel=\"noopener\"><strong>Tarhapionit<\/strong><\/a> ovat perinteisi\u00e4 hybridej\u00e4, jotka on aikoinaan saatu aikaan risteytt\u00e4m\u00e4ll\u00e4 vuoripioni ja turkinpioni. Niiden kukat ovat kerrottuja ja ne ovat tanakoiden, lyhyehk\u00f6jen (50-80 cm) varsien p\u00e4\u00e4ss\u00e4. T\u00e4ten ne eiv\u00e4t tarvitse yleens\u00e4 tukea, vaikka kukat ovatkin suuria.<\/p>\n<p>[\/et_pb_text][\/et_pb_column][et_pb_column type=&#8221;2_5&#8243; _builder_version=&#8221;4.11.2&#8243; _module_preset=&#8221;default&#8221; global_colors_info=&#8221;{}&#8221;][et_pb_image src=&#8221;https:\/\/vihertaimisto.fi\/wp-content\/uploads\/2023\/07\/pionipenkki.jpg&#8221; alt=&#8221;Puutarhaty\u00f6kaluja&#8221; title_text=&#8221;pionipenkki&#8221; _builder_version=&#8221;4.14.7&#8243; _module_preset=&#8221;default&#8221; width=&#8221;100%&#8221; custom_margin=&#8221;||0px||false|false&#8221; custom_padding=&#8221;0px|0px|0px|0px|true|true&#8221; global_colors_info=&#8221;{}&#8221;][\/et_pb_image][\/et_pb_column][\/et_pb_row][et_pb_row column_structure=&#8221;1_3,2_3&#8243; _builder_version=&#8221;4.14.7&#8243; _module_preset=&#8221;default&#8221; global_colors_info=&#8221;{}&#8221;][et_pb_column type=&#8221;1_3&#8243; _builder_version=&#8221;4.14.7&#8243; _module_preset=&#8221;default&#8221; global_colors_info=&#8221;{}&#8221;][et_pb_image src=&#8221;https:\/\/vihertaimisto.fi\/wp-content\/uploads\/2023\/07\/itoh_pioni.jpg&#8221; alt=&#8221;Millainen kuoppa kasville&#8221; title_text=&#8221;itoh_pioni&#8221; disabled_on=&#8221;on|on|off&#8221; _builder_version=&#8221;4.14.7&#8243; _module_preset=&#8221;default&#8221; custom_margin=&#8221;15px||||false|false&#8221; global_colors_info=&#8221;{}&#8221;][\/et_pb_image][\/et_pb_column][et_pb_column type=&#8221;2_3&#8243; _builder_version=&#8221;4.14.7&#8243; _module_preset=&#8221;default&#8221; global_colors_info=&#8221;{}&#8221;][et_pb_text _builder_version=&#8221;4.14.7&#8243; _module_preset=&#8221;default&#8221; text_font=&#8221;Poppins||||||||&#8221; text_text_color=&#8221;#737167&#8243; text_letter_spacing=&#8221;1px&#8221; text_line_height=&#8221;1.5em&#8221; custom_margin=&#8221;10px||||false|false&#8221; global_colors_info=&#8221;{}&#8221;]<\/p>\n<p><a href=\"https:\/\/verkkokauppa.vihertaimisto.fi\/kiinanpionit-paeonia-lactiflora\" target=\"_blank\" rel=\"noopener\"><strong>Kiinanpioneja<\/strong><\/a> kutsutaan my\u00f6s <strong>jalopioneiksi<\/strong> ja ne ovat yleisimpi\u00e4 puutarhoista ja puutarhamyym\u00e4l\u00f6ist\u00e4 l\u00f6ytyvi\u00e4 pioneja. Lajikkeita on valtavasti ja kukat ovat laidasta laitaan valkoisen ja punaisen s\u00e4vyiss\u00e4, yksinkertaisia ja kerrottuja sek\u00e4 kaikkea silt\u00e4 v\u00e4lilt\u00e4. Kiinanpionit kukkivat aiemmin mainittujen j\u00e4lkeen yleens\u00e4 kes\u00e4-hein\u00e4kuussa. Kiinanpionin kukat ovat hyvi\u00e4 leikkokukkia, kun kukkavarren leikkaa aamusella ja kukka on viel\u00e4 nupullaan tai juuri avautumassa.<\/p>\n<p><strong>Puupionit<\/strong> ovat nimens\u00e4 mukaisesti puuvartisia pioneja, jotka eiv\u00e4t ihan tavallisen pionin tapaan kasva joka vuosi uudelleen. Niiden puuvartinen osa talvehtii parhaiten paksun lumipeitteen alla ja hyviss\u00e4 olosuhteissa kasvaa suureksikin. Jos suojaavaa lumipeitetta ei tule tai olosuhteet ovat muuten ep\u00e4suotuisat, puinen varsi ei p\u00e4\u00e4se koskaan kasvamaan ja juurakko kasvattaa uusia varsia hieman ruohovartisten pioneiden tapaan (jos juurakko on siis hengiss\u00e4).<\/p>\n<p><a href=\"https:\/\/verkkokauppa.vihertaimisto.fi\/hybridipionit\" target=\"_blank\" rel=\"noopener\"><strong>Hybridipionit<\/strong><\/a> ovat erilaisia pioniristeytyksi\u00e4, joilla saadaan aikaan esim. persikkaisia v\u00e4ris\u00e4vyj\u00e4. Niiden ominaisuudet ovat yleens\u00e4 l\u00e4hell\u00e4 kiinanpioneja.<\/p>\n<p>[\/et_pb_text][\/et_pb_column][\/et_pb_row][et_pb_row _builder_version=&#8221;4.14.7&#8243; _module_preset=&#8221;default&#8221; custom_margin=&#8221;-30px||0px||false|false&#8221; custom_padding=&#8221;||0px||false|false&#8221; global_colors_info=&#8221;{}&#8221;][et_pb_column type=&#8221;4_4&#8243; _builder_version=&#8221;4.14.7&#8243; _module_preset=&#8221;default&#8221; global_colors_info=&#8221;{}&#8221;][et_pb_text _builder_version=&#8221;4.14.7&#8243; _module_preset=&#8221;default&#8221; text_font=&#8221;Poppins||||||||&#8221; text_text_color=&#8221;#737167&#8243; text_letter_spacing=&#8221;1px&#8221; text_line_height=&#8221;1.5em&#8221; custom_margin=&#8221;||-1px||false|false&#8221; custom_padding=&#8221;||9px||false|false&#8221; global_colors_info=&#8221;{}&#8221;]<\/p>\n<p><a href=\"https:\/\/verkkokauppa.vihertaimisto.fi\/itoh-pionit\" target=\"_blank\" rel=\"noopener\"><strong>Itoh-pionit<\/strong><\/a> ovat puuvartisen ja ruohovartisen pionin risteytyksi\u00e4, joista ensimm\u00e4isen onnistui tekem\u00e4\u00e4n Toichi Itoh 40-luvulla. N\u00e4iden lis\u00e4ys on hidasta puuhaa ja siksi hinnatkin ovat ns. peruspioneja korkeammat. Itoh-hybridien v\u00e4riskaala on kuitenkin muita pioniryhmi\u00e4 laajempi. Itoh-pioneja l\u00f6ytyy esim. keltaisina. Itoh-pionit kukkivat pidemp\u00e4\u00e4n kuin kiinanpionit, eli ne tekev\u00e4t uusia kukkia pitkin kes\u00e4\u00e4.<\/p>\n<p>[\/et_pb_text][et_pb_image src=&#8221;https:\/\/vihertaimisto.fi\/wp-content\/uploads\/2023\/07\/itoh_pioni.jpg&#8221; title_text=&#8221;itoh_pioni&#8221; disabled_on=&#8221;off|off|on&#8221; _builder_version=&#8221;4.14.7&#8243; _module_preset=&#8221;default&#8221; custom_padding=&#8221;16px||||false|false&#8221; global_colors_info=&#8221;{}&#8221;][\/et_pb_image][\/et_pb_column][\/et_pb_row][et_pb_row column_structure=&#8221;2_3,1_3&#8243; _builder_version=&#8221;4.14.7&#8243; _module_preset=&#8221;default&#8221; custom_padding=&#8221;||6px||false|false&#8221; global_colors_info=&#8221;{}&#8221;][et_pb_column type=&#8221;2_3&#8243; _builder_version=&#8221;4.14.7&#8243; _module_preset=&#8221;default&#8221; global_colors_info=&#8221;{}&#8221;][et_pb_text _builder_version=&#8221;4.14.7&#8243; _module_preset=&#8221;default&#8221; text_font=&#8221;Poppins||||||||&#8221; text_text_color=&#8221;#737167&#8243; text_letter_spacing=&#8221;1px&#8221; text_line_height=&#8221;1.5em&#8221; header_font=&#8221;Poppins||||||||&#8221; header_text_color=&#8221;#868751&#8243; header_font_size=&#8221;24px&#8221; header_letter_spacing=&#8221;3px&#8221; header_2_font=&#8221;Poppins|||on|||||&#8221; header_2_text_color=&#8221;#868751&#8243; header_2_font_size=&#8221;20px&#8221; header_2_letter_spacing=&#8221;3px&#8221; global_colors_info=&#8221;{}&#8221;]<\/p>\n<h2>Pionin ostaminen<\/h2>\n<p>Kaikkien pionien kanssa muutama asia on hyv\u00e4 ottaa huomioon ostoa ja istutusta suunnitellessa. Pionit eiv\u00e4t ole edullisimpia kasveja, joten niille kannattaa antaa parhaat mahdolliset ev\u00e4\u00e4t el\u00e4m\u00e4\u00e4n, jottei my\u00f6hemmin harmittaisi.<\/p>\n<p>Pioneja myyd\u00e4\u00e4n sek\u00e4 juurakkoina ett\u00e4 astiataimina. <strong>Juurakoita<\/strong> ei kannata istuttaa kev\u00e4\u00e4ll\u00e4. Pioninjuurakot nostetaan viljelij\u00e4n pellolta (yleens\u00e4 Hollannissa tai Puolassa) syksyll\u00e4, tarkoittaa siis syys-marraskuussa. T\u00e4ll\u00f6in niiden kasvuunl\u00e4ht\u00f6 on parasta, mutta toki meill\u00e4 Suomessa hieman haastavaa talven takia. Syksyll\u00e4 istutettu juurakko alkaa kasvattaa lehtien sijaan hiusjuuria, joita tarvitaan seuraavan kes\u00e4n maanp\u00e4\u00e4llisen kasvun tueksi. Kev\u00e4\u00e4ll\u00e4 ostetut juurakot ovat yleens\u00e4 kuivahtaneet talvivarastoinnin aikana ja mik\u00e4li eiv\u00e4t ole, kev\u00e4\u00e4n ja kes\u00e4n korkeammat l\u00e4mp\u00f6tilat saavat aikaan lehtien kasvua, vaikka juuria ei viel\u00e4 ole riitt\u00e4v\u00e4sti. T\u00e4ll\u00f6in lehtien kasvattaminen kuluttaa juurakkoon varastoitunutta energiaa ja hidastaa my\u00f6s tulevaisuudessa juurtumista. T\u00e4llainen pioni saattaa v\u00e4\u00e4r\u00e4n istutusajankohdan takia j\u00e4tt\u00e4\u00e4 kukkimatta hyvin monta vuotta ennen kuin juuret ovat kunnolla kasvaneet.<\/p>\n<p>[\/et_pb_text][\/et_pb_column][et_pb_column type=&#8221;1_3&#8243; _builder_version=&#8221;4.14.7&#8243; _module_preset=&#8221;default&#8221; global_colors_info=&#8221;{}&#8221;][et_pb_image src=&#8221;https:\/\/vihertaimisto.fi\/wp-content\/uploads\/2023\/07\/pioni_kevaalla.jpg&#8221; alt=&#8221;Kaada vett\u00e4 kastelukannulla&#8221; title_text=&#8221;pioni_kev\u00e4\u00e4ll\u00e4&#8221; _builder_version=&#8221;4.14.7&#8243; _module_preset=&#8221;default&#8221; global_colors_info=&#8221;{}&#8221;][\/et_pb_image][\/et_pb_column][\/et_pb_row][et_pb_row _builder_version=&#8221;4.14.7&#8243; _module_preset=&#8221;default&#8221; global_colors_info=&#8221;{}&#8221;][et_pb_column type=&#8221;4_4&#8243; _builder_version=&#8221;4.14.7&#8243; _module_preset=&#8221;default&#8221; global_colors_info=&#8221;{}&#8221;][et_pb_text _builder_version=&#8221;4.14.7&#8243; _module_preset=&#8221;default&#8221; text_font=&#8221;Poppins||||||||&#8221; text_text_color=&#8221;#737167&#8243; text_letter_spacing=&#8221;1px&#8221; text_line_height=&#8221;1.5em&#8221; custom_margin=&#8221;-22px||||false|false&#8221; custom_padding=&#8221;0px||||false|false&#8221; global_colors_info=&#8221;{}&#8221;]<\/p>\n<p><strong>Astiataimia<\/strong> sen sijaan voi ostaa ja istuttaa my\u00f6s kev\u00e4\u00e4ll\u00e4, sill\u00e4 niihin on ruukussa jo muodostunut hiusjuuria. Parhaan alun nekin kuitenkin saavat kasvulleen, kun ne istutetaan kasvupaikalleen syksyll\u00e4. Astiataimien tuleentuneet lehdet voi leikata syksyll\u00e4 poiskin ja hiusjuurien kasvu jatkuu niin kauan kuin l\u00e4mp\u00f6tila pysyy plussan puolella. Kev\u00e4\u00e4ll\u00e4 pionilla on hyv\u00e4t juuret ja maanp\u00e4\u00e4lliseen kasvuun ja kukintaan on hyv\u00e4t edellytykset.<\/p>\n<p>[\/et_pb_text][\/et_pb_column][\/et_pb_row][et_pb_row column_structure=&#8221;1_4,3_4&#8243; _builder_version=&#8221;4.14.7&#8243; _module_preset=&#8221;default&#8221; custom_padding=&#8221;0px||0px||false|false&#8221; global_colors_info=&#8221;{}&#8221;][et_pb_column type=&#8221;1_4&#8243; _builder_version=&#8221;4.14.7&#8243; _module_preset=&#8221;default&#8221; global_colors_info=&#8221;{}&#8221;][et_pb_image src=&#8221;https:\/\/vihertaimisto.fi\/wp-content\/uploads\/2023\/07\/pionin_istutus.jpg&#8221; title_text=&#8221;pionin_istutus&#8221; _builder_version=&#8221;4.14.7&#8243; _module_preset=&#8221;default&#8221; global_colors_info=&#8221;{}&#8221;][\/et_pb_image][\/et_pb_column][et_pb_column type=&#8221;3_4&#8243; _builder_version=&#8221;4.14.7&#8243; _module_preset=&#8221;default&#8221; global_colors_info=&#8221;{}&#8221;][et_pb_text _builder_version=&#8221;4.14.7&#8243; _module_preset=&#8221;default&#8221; text_font=&#8221;Poppins||||||||&#8221; text_text_color=&#8221;#737167&#8243; text_letter_spacing=&#8221;1px&#8221; text_line_height=&#8221;1.5em&#8221; header_font=&#8221;Poppins||||||||&#8221; header_text_color=&#8221;#868751&#8243; header_font_size=&#8221;24px&#8221; header_letter_spacing=&#8221;3px&#8221; header_2_font=&#8221;Poppins|||on|||||&#8221; header_2_text_color=&#8221;#868751&#8243; header_2_font_size=&#8221;20px&#8221; header_2_letter_spacing=&#8221;3px&#8221; global_colors_info=&#8221;{}&#8221;]<\/p>\n<h2>Pionin istuttaminen<\/h2>\n<p>Hyv\u00e4 paikka pionille on sellainen, jossa se saa auringonpaistetta, mutta ei ole jatkuvassa paahteessa. Pionit kasvavat ajan kuluessa leveiksi, joten niit\u00e4 ei kannata istuttaa liian ahtaaseen tilaan. Yhden pionin voi laskea viev\u00e4n tilaa noin yhden neli\u00f6metrin verran t\u00e4ysikokoisena.<\/p>\n<p>Pioni viihtyy kivenn\u00e4ispitoisessa maassa, eli kasvualustassa, jossa on seassa esim. karkeaa hiekkaa. Turve, savi ja hieno hiekka eiv\u00e4t ole hyv\u00e4ksi, sill\u00e4 ne kastuvat ja j\u00e4\u00e4tyv\u00e4t talvella, mik\u00e4 on pioneille huono. Kasvualustan tulee olla l\u00e4p\u00e4isev\u00e4\u00e4 ja sellaista, ett\u00e4 vesi ei j\u00e4\u00e4 pionin juurille seisomaan. T\u00e4m\u00e4 kannattaa ottaa huomioon my\u00f6s pionin paikkaa valitessa. Jos vesi j\u00e4\u00e4 lammikoitumaan puutarhassa johonkin kohtaan, siihen ei pionia kannata istuttaa.<\/p>\n<p>[\/et_pb_text][\/et_pb_column][\/et_pb_row][et_pb_row _builder_version=&#8221;4.14.7&#8243; _module_preset=&#8221;default&#8221; global_colors_info=&#8221;{}&#8221;][et_pb_column type=&#8221;4_4&#8243; _builder_version=&#8221;4.14.7&#8243; _module_preset=&#8221;default&#8221; global_colors_info=&#8221;{}&#8221;][et_pb_text _builder_version=&#8221;4.14.7&#8243; _module_preset=&#8221;default&#8221; text_font=&#8221;Poppins||||||||&#8221; text_text_color=&#8221;#737167&#8243; text_letter_spacing=&#8221;1px&#8221; text_line_height=&#8221;1.5em&#8221; header_font=&#8221;Poppins||||||||&#8221; header_text_color=&#8221;#868751&#8243; header_font_size=&#8221;24px&#8221; header_letter_spacing=&#8221;3px&#8221; header_2_font=&#8221;Poppins|||on|||||&#8221; header_2_text_color=&#8221;#868751&#8243; header_2_font_size=&#8221;20px&#8221; header_2_letter_spacing=&#8221;3px&#8221; global_colors_info=&#8221;{}&#8221;]<\/p>\n<p>Tee pionille hieman kohollaan oleva penkki, jossa kasvualustan paksuus on puolisen metri\u00e4. Istutuskuopan pohjalle voi laittaa salaojitukseksi karkeaa soraa, jos maa-aines on raskasta. P\u00e4\u00e4lle mineraalipitoista multaa ja lopuksi pionin juurakko, jota ei saa istuttaa liian syv\u00e4lle. Juuren yl\u00e4osan t\u00e4ytyisi olla vain parin sentin syvyydell\u00e4, muuten pioni kasvattaa vain lehti\u00e4 ja kukinta j\u00e4\u00e4 tapahtumatta. Puu- ja itoh-pionit istutetaan muita pioneja syvemm\u00e4lle.<\/p>\n<p>Pionia kastellaan aluksi, mutta se kasvattaa syv\u00e4t juuret ja p\u00e4rj\u00e4\u00e4 niiden kasvettua yleens\u00e4 hyvin my\u00f6s kuivina kesin\u00e4.<\/p>\n<h2><\/h2>\n<h2>Pionin siirt\u00e4minen<\/h2>\n<p>Vastoin yleisi\u00e4 uskomuksia, pionin voi siirt\u00e4\u00e4. Siirto kannattaa tehd\u00e4 syksyll\u00e4, jolloin se p\u00e4\u00e4see kasvattamaan hiusjuuriaan seuraavaa kev\u00e4tt\u00e4 varten. Tarvittaessa juurakon voi my\u00f6s jakaa, mutta se pienent\u00e4\u00e4 kasvin kokoa tulevina aikoina. Muista istuttaa pioni samaan syvyyteen kuin se aiemminkin oli (ei liian syv\u00e4lle siis).<\/p>\n<p>(Kirjoittanut Riina)<\/p>\n<p>[\/et_pb_text][\/et_pb_column][\/et_pb_row][\/et_pb_section]<\/p>\n","protected":false},"excerpt":{"rendered":"<p>Puhuttaisko pioneista? 18.7.2023 Pioni on monen mielest\u00e4 puutarhan kuningatar ja ihan syyst\u00e4. Suuret, kerrotut tai yksinkertaiset kukat sopivat niin perinteiseen kuin moderniinkiin istutukseen. Pionit ovat perennoja, mutta niiden istutuksessa ja hoidossa on muutama asia, jotka hieman eroavat muista perennoista (ainakin suurimmasta osasta). Mit\u00e4 eroa on pionilla ja pionilla? Pioneja on erilaisia ja ne voidaankin jakaa [&hellip;]<\/p>\n","protected":false},"author":1,"featured_media":0,"parent":0,"menu_order":0,"comment_status":"closed","ping_status":"closed","template":"","meta":{"_et_pb_use_builder":"on","_et_pb_old_content":"","_et_gb_content_width":"","footnotes":""},"class_list":["post-972","page","type-page","status-publish","hentry"],"_links":{"self":[{"href":"https:\/\/vihertaimisto.fi\/index.php\/wp-json\/wp\/v2\/pages\/972","targetHints":{"allow":["GET"]}}],"collection":[{"href":"https:\/\/vihertaimisto.fi\/index.php\/wp-json\/wp\/v2\/pages"}],"about":[{"href":"https:\/\/vihertaimisto.fi\/index.php\/wp-json\/wp\/v2\/types\/page"}],"author":[{"embeddable":true,"href":"https:\/\/vihertaimisto.fi\/index.php\/wp-json\/wp\/v2\/users\/1"}],"replies":[{"embeddable":true,"href":"https:\/\/vihertaimisto.fi\/index.php\/wp-json\/wp\/v2\/comments?post=972"}],"version-history":[{"count":6,"href":"https:\/\/vihertaimisto.fi\/index.php\/wp-json\/wp\/v2\/pages\/972\/revisions"}],"predecessor-version":[{"id":986,"href":"https:\/\/vihertaimisto.fi\/index.php\/wp-json\/wp\/v2\/pages\/972\/revisions\/986"}],"wp:attachment":[{"href":"https:\/\/vihertaimisto.fi\/index.php\/wp-json\/wp\/v2\/media?parent=972"}],"curies":[{"name":"wp","href":"https:\/\/api.w.org\/{rel}","templated":true}]}}