{"id":994,"date":"2023-07-31T15:01:00","date_gmt":"2023-07-31T15:01:00","guid":{"rendered":"https:\/\/vihertaimisto.fi\/?page_id=994"},"modified":"2024-07-18T10:38:22","modified_gmt":"2024-07-18T10:38:22","slug":"leikkokukat","status":"publish","type":"page","link":"https:\/\/vihertaimisto.fi\/index.php\/leikkokukat\/","title":{"rendered":"Leikkokukat"},"content":{"rendered":"<p>[et_pb_section fb_built=&#8221;1&#8243; _builder_version=&#8221;4.11.2&#8243; _module_preset=&#8221;default&#8221; background_color=&#8221;#F3F2F5&#8243; custom_padding=&#8221;3vw||3vw||false|false&#8221; global_colors_info=&#8221;{}&#8221;][et_pb_row _builder_version=&#8221;4.14.7&#8243; _module_preset=&#8221;default&#8221; custom_margin=&#8221;||7px||false|false&#8221; custom_padding=&#8221;0px||0vw||false|false&#8221; global_colors_info=&#8221;{}&#8221;][et_pb_column type=&#8221;4_4&#8243; _builder_version=&#8221;4.11.2&#8243; _module_preset=&#8221;default&#8221; global_colors_info=&#8221;{}&#8221;][et_pb_text _builder_version=&#8221;4.14.7&#8243; _module_preset=&#8221;default&#8221; text_font=&#8221;Poppins||||||||&#8221; text_letter_spacing=&#8221;1px&#8221; text_line_height=&#8221;1.5em&#8221; header_font=&#8221;Poppins|||on|||||&#8221; header_text_color=&#8221;#868751&#8243; header_font_size=&#8221;24px&#8221; header_letter_spacing=&#8221;3px&#8221; header_2_font=&#8221;Poppins|||on|||||&#8221; header_2_text_color=&#8221;#868751&#8243; header_2_font_size=&#8221;20px&#8221; header_2_letter_spacing=&#8221;3px&#8221; header_3_font=&#8221;Poppins||||||||&#8221; header_3_text_color=&#8221;#868751&#8243; header_3_letter_spacing=&#8221;3px&#8221; custom_margin=&#8221;||0px||false|false&#8221; custom_padding=&#8221;||11px||false|false&#8221; global_colors_info=&#8221;{}&#8221;]<\/p>\n<h1>Kukkakimput ja -laitteet<\/h1>\n<p>Alla n\u00e4et tekemi\u00e4mme kukkasidontat\u00f6it\u00e4. Tyylimme ei ole ehk\u00e4 kaikkein perinteisin, mutta toiveesta my\u00f6s perinteisemm\u00e4t kukkalaitteet onnistuvat. K\u00e4yt\u00e4mme mahdollisimman paljon l\u00e4hialueella kasvatettuja materiaaleja (kukat, vihre\u00e4t, hein\u00e4t), mutta suurin osa kimppujen materiaalista on toistaiseksi tuontitavaraa. T\u00e4m\u00e4n toivomme muuttuvan l\u00e4hikukkien suuntaan, kun saamme l\u00e4hivuosina oman leikkokukkapellon taimiston markille.<\/p>\n<p>V\u00e4lt\u00e4mme asetelmat\u00f6iss\u00e4 perinteisen, hartsipohjaisen kukkasienen k\u00e4ytt\u00e4mist\u00e4 ymp\u00e4rist\u00f6- ja terveyssyist\u00e4. K\u00e4yt\u00e4mme sen sijaan metalliverkkoa, kivivillaa tai muita tukia kukille. Hautalaitteet ja -kimput teemme ymp\u00e4rist\u00f6syist\u00e4 t\u00e4ysin kompostoituvista materiaaleista.<\/p>\n<p>[\/et_pb_text][\/et_pb_column][\/et_pb_row][et_pb_row column_structure=&#8221;1_4,1_4,1_4,1_4&#8243; _builder_version=&#8221;4.14.7&#8243; _module_preset=&#8221;default&#8221; global_colors_info=&#8221;{}&#8221;][et_pb_column type=&#8221;1_4&#8243; _builder_version=&#8221;4.14.7&#8243; _module_preset=&#8221;default&#8221; global_colors_info=&#8221;{}&#8221;][et_pb_image src=&#8221;https:\/\/vihertaimisto.fi\/wp-content\/uploads\/2023\/07\/kimppu1.jpg&#8221; alt=&#8221;vaaleanpunainen kukkakimppu&#8221; title_text=&#8221;vaaleanpunainen kukkakimppu&#8221; _builder_version=&#8221;4.14.7&#8243; _module_preset=&#8221;default&#8221; custom_margin=&#8221;0px||||false|false&#8221; global_colors_info=&#8221;{}&#8221;][\/et_pb_image][\/et_pb_column][et_pb_column type=&#8221;1_4&#8243; _builder_version=&#8221;4.14.7&#8243; _module_preset=&#8221;default&#8221; global_colors_info=&#8221;{}&#8221;][et_pb_image src=&#8221;https:\/\/vihertaimisto.fi\/wp-content\/uploads\/2023\/07\/kimppu2.jpg&#8221; alt=&#8221;syksyinen kimppu&#8221; title_text=&#8221;syksyinen kimppu&#8221; _builder_version=&#8221;4.14.7&#8243; _module_preset=&#8221;default&#8221; global_colors_info=&#8221;{}&#8221;][\/et_pb_image][\/et_pb_column][et_pb_column type=&#8221;1_4&#8243; _builder_version=&#8221;4.14.7&#8243; _module_preset=&#8221;default&#8221; global_colors_info=&#8221;{}&#8221;][et_pb_image src=&#8221;https:\/\/vihertaimisto.fi\/wp-content\/uploads\/2023\/07\/kimppu3.jpg&#8221; alt=&#8221;vaalea kukkakimppu&#8221; title_text=&#8221;vaalea kukkakimppu&#8221; _builder_version=&#8221;4.14.7&#8243; _module_preset=&#8221;default&#8221; global_colors_info=&#8221;{}&#8221;][\/et_pb_image][\/et_pb_column][et_pb_column type=&#8221;1_4&#8243; _builder_version=&#8221;4.14.7&#8243; _module_preset=&#8221;default&#8221; global_colors_info=&#8221;{}&#8221;][et_pb_image src=&#8221;https:\/\/vihertaimisto.fi\/wp-content\/uploads\/2023\/07\/kimppu4-1.jpg&#8221; alt=&#8221;beige kimppu&#8221; title_text=&#8221;beigenv\u00e4rinen kukkakimppu&#8221; _builder_version=&#8221;4.14.7&#8243; _module_preset=&#8221;default&#8221; global_colors_info=&#8221;{}&#8221;][\/et_pb_image][\/et_pb_column][\/et_pb_row][et_pb_row column_structure=&#8221;1_4,1_4,1_4,1_4&#8243; _builder_version=&#8221;4.14.7&#8243; _module_preset=&#8221;default&#8221; global_colors_info=&#8221;{}&#8221;][et_pb_column type=&#8221;1_4&#8243; _builder_version=&#8221;4.14.7&#8243; _module_preset=&#8221;default&#8221; global_colors_info=&#8221;{}&#8221;][et_pb_image src=&#8221;https:\/\/vihertaimisto.fi\/wp-content\/uploads\/2023\/08\/asetelma_dinosaurusruukussa1.jpg&#8221; alt=&#8221;dinosaurusruukkuun tehty asetelma&#8221; title_text=&#8221;asetelma_dinosaurusruukussa1&#8243; _builder_version=&#8221;4.14.7&#8243; _module_preset=&#8221;default&#8221; global_colors_info=&#8221;{}&#8221;][\/et_pb_image][\/et_pb_column][et_pb_column type=&#8221;1_4&#8243; _builder_version=&#8221;4.14.7&#8243; _module_preset=&#8221;default&#8221; global_colors_info=&#8221;{}&#8221;][et_pb_image src=&#8221;https:\/\/vihertaimisto.fi\/wp-content\/uploads\/2023\/08\/asetelma_dinosaurusruukussa2.jpg&#8221; alt=&#8221;dinosaurusruukkuun tehty asetelma&#8221; title_text=&#8221;asetelma_dinosaurusruukussa2&#8243; _builder_version=&#8221;4.14.7&#8243; _module_preset=&#8221;default&#8221; global_colors_info=&#8221;{}&#8221;][\/et_pb_image][\/et_pb_column][et_pb_column type=&#8221;1_4&#8243; _builder_version=&#8221;4.14.7&#8243; _module_preset=&#8221;default&#8221; global_colors_info=&#8221;{}&#8221;][et_pb_image src=&#8221;https:\/\/vihertaimisto.fi\/wp-content\/uploads\/2023\/07\/morsiuskimppu1.jpg&#8221; alt=&#8221;h\u00e4\u00e4kimppu heinist\u00e4, sola-kukista ja eukalyptuksesta&#8221; title_text=&#8221;morsiuskimppu heinist\u00e4, sola-kukista ja eukalyptuksesta&#8221; _builder_version=&#8221;4.14.7&#8243; _module_preset=&#8221;default&#8221; global_colors_info=&#8221;{}&#8221;][\/et_pb_image][\/et_pb_column][et_pb_column type=&#8221;1_4&#8243; _builder_version=&#8221;4.14.7&#8243; _module_preset=&#8221;default&#8221; global_colors_info=&#8221;{}&#8221;][et_pb_image src=&#8221;https:\/\/vihertaimisto.fi\/wp-content\/uploads\/2023\/07\/asetelma1.jpg&#8221; alt=&#8221;h\u00e4\u00e4kukat vaaleanpunaisista ruusuista&#8221; title_text=&#8221;asetelma vihkipaikalle vaaleanpunaisista ruusuista&#8221; _builder_version=&#8221;4.14.7&#8243; _module_preset=&#8221;default&#8221; global_colors_info=&#8221;{}&#8221;][\/et_pb_image][\/et_pb_column][\/et_pb_row][et_pb_row column_structure=&#8221;1_4,1_4,1_4,1_4&#8243; _builder_version=&#8221;4.14.7&#8243; _module_preset=&#8221;default&#8221; global_colors_info=&#8221;{}&#8221;][et_pb_column type=&#8221;1_4&#8243; _builder_version=&#8221;4.14.7&#8243; _module_preset=&#8221;default&#8221; global_colors_info=&#8221;{}&#8221;][et_pb_image src=&#8221;https:\/\/vihertaimisto.fi\/wp-content\/uploads\/2023\/07\/ranneviehe1.jpg&#8221; alt=&#8221;ranneviehe sola-kukista ja oikeista kasveista&#8221; title_text=&#8221;kaason ranneviehe solakukista ja oikeista kasveista&#8221; _builder_version=&#8221;4.14.7&#8243; _module_preset=&#8221;default&#8221; custom_margin=&#8221;0px||||false|false&#8221; global_colors_info=&#8221;{}&#8221;][\/et_pb_image][\/et_pb_column][et_pb_column type=&#8221;1_4&#8243; _builder_version=&#8221;4.14.7&#8243; _module_preset=&#8221;default&#8221; global_colors_info=&#8221;{}&#8221;][et_pb_image src=&#8221;https:\/\/vihertaimisto.fi\/wp-content\/uploads\/2023\/07\/asetelma2.jpg&#8221; alt=&#8221;korkea asetelma juhlap\u00f6yd\u00e4n keskelle&#8221; title_text=&#8221;korkea asetelma h\u00e4iden juhlap\u00f6yt\u00e4\u00e4n&#8221; _builder_version=&#8221;4.14.7&#8243; _module_preset=&#8221;default&#8221; global_colors_info=&#8221;{}&#8221;][\/et_pb_image][\/et_pb_column][et_pb_column type=&#8221;1_4&#8243; _builder_version=&#8221;4.14.7&#8243; _module_preset=&#8221;default&#8221; global_colors_info=&#8221;{}&#8221;][et_pb_image src=&#8221;https:\/\/vihertaimisto.fi\/wp-content\/uploads\/2023\/07\/vieheet1.jpg&#8221; alt=&#8221;vieheet sola-kukista ja heinist\u00e4&#8221; title_text=&#8221;vieheet sola-kukista ja heinist\u00e4&#8221; _builder_version=&#8221;4.14.7&#8243; _module_preset=&#8221;default&#8221; global_colors_info=&#8221;{}&#8221;][\/et_pb_image][\/et_pb_column][et_pb_column type=&#8221;1_4&#8243; _builder_version=&#8221;4.14.7&#8243; _module_preset=&#8221;default&#8221; global_colors_info=&#8221;{}&#8221;][et_pb_image src=&#8221;https:\/\/vihertaimisto.fi\/wp-content\/uploads\/2023\/08\/surulaite2.jpg&#8221; alt=&#8221;kes\u00e4inen surulaite&#8221; title_text=&#8221;surulaite2&#8243; _builder_version=&#8221;4.14.7&#8243; _module_preset=&#8221;default&#8221; global_colors_info=&#8221;{}&#8221;][\/et_pb_image][\/et_pb_column][\/et_pb_row][et_pb_row column_structure=&#8221;1_4,1_4,1_4,1_4&#8243; _builder_version=&#8221;4.14.7&#8243; _module_preset=&#8221;default&#8221; global_colors_info=&#8221;{}&#8221;][et_pb_column type=&#8221;1_4&#8243; _builder_version=&#8221;4.14.7&#8243; _module_preset=&#8221;default&#8221; global_colors_info=&#8221;{}&#8221;][et_pb_image src=&#8221;https:\/\/vihertaimisto.fi\/wp-content\/uploads\/2023\/07\/hautalaite1.jpg&#8221; alt=&#8221;hautalaite, jossa poronsarvi&#8221; title_text=&#8221;kompostoituva hautalaite, jossa poronsarvi&#8221; _builder_version=&#8221;4.14.7&#8243; _module_preset=&#8221;default&#8221; custom_margin=&#8221;0px||||false|false&#8221; global_colors_info=&#8221;{}&#8221;][\/et_pb_image][\/et_pb_column][et_pb_column type=&#8221;1_4&#8243; _builder_version=&#8221;4.14.7&#8243; _module_preset=&#8221;default&#8221; global_colors_info=&#8221;{}&#8221;][et_pb_image src=&#8221;https:\/\/vihertaimisto.fi\/wp-content\/uploads\/2024\/07\/varikas_haakimppu.jpg&#8221; alt=&#8221;hautalaite, jossa poronsarvi&#8221; title_text=&#8221;v\u00e4rik\u00e4s_h\u00e4\u00e4kimppu&#8221; _builder_version=&#8221;4.14.7&#8243; _module_preset=&#8221;default&#8221; custom_margin=&#8221;0px||||false|false&#8221; hover_enabled=&#8221;0&#8243; global_colors_info=&#8221;{}&#8221; sticky_enabled=&#8221;0&#8243;][\/et_pb_image][\/et_pb_column][et_pb_column type=&#8221;1_4&#8243; _builder_version=&#8221;4.14.7&#8243; _module_preset=&#8221;default&#8221; global_colors_info=&#8221;{}&#8221;][\/et_pb_column][et_pb_column type=&#8221;1_4&#8243; _builder_version=&#8221;4.14.7&#8243; _module_preset=&#8221;default&#8221; global_colors_info=&#8221;{}&#8221;][\/et_pb_column][\/et_pb_row][\/et_pb_section]<\/p>\n","protected":false},"excerpt":{"rendered":"<p>Kukkakimput ja -laitteet Alla n\u00e4et tekemi\u00e4mme kukkasidontat\u00f6it\u00e4. Tyylimme ei ole ehk\u00e4 kaikkein perinteisin, mutta toiveesta my\u00f6s perinteisemm\u00e4t kukkalaitteet onnistuvat. K\u00e4yt\u00e4mme mahdollisimman paljon l\u00e4hialueella kasvatettuja materiaaleja (kukat, vihre\u00e4t, hein\u00e4t), mutta suurin osa kimppujen materiaalista on toistaiseksi tuontitavaraa. T\u00e4m\u00e4n toivomme muuttuvan l\u00e4hikukkien suuntaan, kun saamme l\u00e4hivuosina oman leikkokukkapellon taimiston markille. V\u00e4lt\u00e4mme asetelmat\u00f6iss\u00e4 perinteisen, hartsipohjaisen kukkasienen k\u00e4ytt\u00e4mist\u00e4 ymp\u00e4rist\u00f6- [&hellip;]<\/p>\n","protected":false},"author":1,"featured_media":0,"parent":0,"menu_order":0,"comment_status":"closed","ping_status":"closed","template":"","meta":{"_et_pb_use_builder":"on","_et_pb_old_content":"","_et_gb_content_width":"","footnotes":""},"class_list":["post-994","page","type-page","status-publish","hentry"],"_links":{"self":[{"href":"https:\/\/vihertaimisto.fi\/index.php\/wp-json\/wp\/v2\/pages\/994","targetHints":{"allow":["GET"]}}],"collection":[{"href":"https:\/\/vihertaimisto.fi\/index.php\/wp-json\/wp\/v2\/pages"}],"about":[{"href":"https:\/\/vihertaimisto.fi\/index.php\/wp-json\/wp\/v2\/types\/page"}],"author":[{"embeddable":true,"href":"https:\/\/vihertaimisto.fi\/index.php\/wp-json\/wp\/v2\/users\/1"}],"replies":[{"embeddable":true,"href":"https:\/\/vihertaimisto.fi\/index.php\/wp-json\/wp\/v2\/comments?post=994"}],"version-history":[{"count":9,"href":"https:\/\/vihertaimisto.fi\/index.php\/wp-json\/wp\/v2\/pages\/994\/revisions"}],"predecessor-version":[{"id":1199,"href":"https:\/\/vihertaimisto.fi\/index.php\/wp-json\/wp\/v2\/pages\/994\/revisions\/1199"}],"wp:attachment":[{"href":"https:\/\/vihertaimisto.fi\/index.php\/wp-json\/wp\/v2\/media?parent=994"}],"curies":[{"name":"wp","href":"https:\/\/api.w.org\/{rel}","templated":true}]}}